{"id":1041,"date":"2023-03-02T09:48:14","date_gmt":"2023-03-02T09:48:14","guid":{"rendered":"https:\/\/hotel-darcy.fr\/restaurant\/"},"modified":"2024-12-10T13:07:25","modified_gmt":"2024-12-10T13:07:25","slug":"restaurant","status":"publish","type":"page","link":"https:\/\/hotel-darcy.fr\/de\/restaurant\/","title":{"rendered":"Restaurant"},"content":{"rendered":"<div class=\"fusion-fullwidth fullwidth-box fusion-builder-row-1 fusion-flex-container has-pattern-background has-mask-background nonhundred-percent-fullwidth non-hundred-percent-height-scrolling\" style=\"--awb-border-radius-top-left:0px;--awb-border-radius-top-right:0px;--awb-border-radius-bottom-right:0px;--awb-border-radius-bottom-left:0px;--awb-padding-top:60px;--awb-padding-bottom:40px;--awb-flex-wrap:wrap;\" ><div class=\"fusion-builder-row fusion-row fusion-flex-align-items-flex-start fusion-flex-content-wrap\" style=\"max-width:1248px;margin-left: calc(-4% \/ 2 );margin-right: calc(-4% \/ 2 );\"><div class=\"fusion-layout-column fusion_builder_column fusion-builder-column-0 fusion_builder_column_1_1 1_1 fusion-flex-column\" style=\"--awb-bg-size:cover;--awb-width-large:100%;--awb-margin-top-large:0px;--awb-spacing-right-large:1.92%;--awb-margin-bottom-large:20px;--awb-spacing-left-large:1.92%;--awb-width-medium:100%;--awb-order-medium:0;--awb-spacing-right-medium:1.92%;--awb-spacing-left-medium:1.92%;--awb-width-small:100%;--awb-order-small:0;--awb-spacing-right-small:1.92%;--awb-spacing-left-small:1.92%;\"><div class=\"fusion-column-wrapper fusion-column-has-shadow fusion-flex-justify-content-flex-start fusion-content-layout-column\"><div class=\"fusion-title title fusion-title-1 fusion-sep-none fusion-title-center fusion-title-text fusion-title-size-two\" style=\"--awb-text-color:var(--awb-color5);--awb-margin-bottom:10px;--awb-margin-top-small:10px;--awb-margin-right-small:0px;--awb-margin-bottom-small:10px;--awb-margin-left-small:0px;\"><h2 class=\"fusion-title-heading title-heading-center\" style=\"font-family:&quot;Lora&quot;;font-style:normal;font-weight:400;margin:0;\">Restaurant de la Porte Guillaume<br \/> &#8222;Gastronomie zu g\u00fcnstigen Preisen&#8220;.<\/h2><\/div><div class=\"fusion-text fusion-text-1 fusion-text-no-margin\" style=\"--awb-content-alignment:center;--awb-font-size:16px;--awb-text-color:var(--awb-color5);--awb-margin-bottom:40px;\"><p><span class=\"ui-provider eo ban bao bap baq bar bas bat bau bav baw bax bay baz bba bbb bbc bbd bbe bbf bbg bbh bbi bbj bbk bbl bbm bbn bbo bbp bbq bbr bbs bbt bbu\" dir=\"ltr\">7 Tage die Woche mittags und abends ge\u00f6ffnet<\/span><\/p>\n<\/div><div class=\"fusion-text fusion-text-2\" style=\"--awb-content-alignment:center;--awb-font-size:16px;\"><p>Das Restaurant, dessen Speisekarte und Men\u00fcs Ihnen entweder eine zeitgen\u00f6ssische K\u00fcche oder authentische Spezialit\u00e4ten aus Burgund in einem erholsamen Rahmen anbieten.<br \/>  Die Gerichte werden aus frischen, rohen Produkten zubereitet und von erfahrenen Fachleuten vor Ort zubereitet.<br \/>  Ein aufmerksamer Service bietet Ihnen eine Auswahl an sorgf\u00e4ltig ausgew\u00e4hlten Weinen aus Burgund (in Flaschen oder im Glas) und anderen Regionen Frankreichs, die Ihre Mahlzeiten bereichern werden.<\/p>\n<p>In der Weinstube unter dem Restaurant k\u00f6nnen Sie Wein, K\u00e4se und Wurst probieren oder eine komplette Mahlzeit zu sich nehmen.<\/p>\n<\/div><div class=\"fusion-alert alert general alert-info fusion-alert-center awb-alert-native-link-color alert-dismissable awb-alert-close-boxed alert-shadow\" role=\"alert\"><div class=\"fusion-alert-content-wrapper\"><span class=\"alert-icon\"><i class=\"awb-icon-info-circle\" aria-hidden=\"true\"><\/i><\/span><span class=\"fusion-alert-content\">IN RENOVIERUNG<\/span><\/div><button type=\"button\" class=\"close toggle-alert\" data-dismiss=\"alert\" aria-label=\"Close\">&times;<\/button><\/div><\/div><\/div><div class=\"fusion-layout-column fusion_builder_column fusion-builder-column-1 fusion_builder_column_1_1 1_1 fusion-flex-column fusion-flex-align-self-stretch\" style=\"--awb-padding-top:30px;--awb-padding-right:30px;--awb-padding-bottom:30px;--awb-padding-left:30px;--awb-overflow:hidden;--awb-bg-color:var(--awb-color1);--awb-bg-color-hover:var(--awb-color1);--awb-bg-size:cover;--awb-box-shadow:1px 1px 10px 0px rgba(67,69,73,0.2);;--awb-border-radius:5px 5px 5px 5px;--awb-width-large:100%;--awb-margin-top-large:0px;--awb-spacing-right-large:1.92%;--awb-margin-bottom-large:20px;--awb-spacing-left-large:1.92%;--awb-width-medium:100%;--awb-order-medium:0;--awb-spacing-right-medium:1.92%;--awb-spacing-left-medium:1.92%;--awb-width-small:100%;--awb-order-small:0;--awb-spacing-right-small:1.92%;--awb-spacing-left-small:1.92%;\"><div class=\"fusion-column-wrapper fusion-column-has-shadow fusion-flex-justify-content-center fusion-content-layout-column\"><div class=\"fusion-title title fusion-title-2 fusion-sep-none fusion-title-center fusion-title-text fusion-title-size-three\" style=\"--awb-text-color:var(--awb-color5);--awb-margin-bottom:10px;--awb-margin-top-small:10px;--awb-margin-right-small:0px;--awb-margin-bottom-small:10px;--awb-margin-left-small:0px;\"><h3 class=\"fusion-title-heading title-heading-center\" style=\"font-family:&quot;Lora&quot;;font-style:normal;font-weight:400;margin:0;\">Aktuelle Vorschl\u00e4ge<\/h3><\/div><div class=\"fusion-text fusion-text-3\" style=\"--awb-content-alignment:center;--awb-font-size:16px;\"><p><strong>MITTAGSFORMEL<\/strong> f\u00fcr 25 \u20ac von Montag bis Freitag<\/p>\n<\/div><div class=\"fusion-text fusion-text-4\" style=\"--awb-content-alignment:center;--awb-font-size:16px;\"><p>Unser K\u00fcchenchef und seine Teams pr\u00e4sentieren Ihnen ihre Vorschl\u00e4ge der Woche in Bildern von unserer Facebook-Seite aus.<\/p>\n<\/div><div style=\"text-align:center;\"><a class=\"fusion-button button-flat fusion-button-default-size button-default fusion-button-default button-1 fusion-button-default-span fusion-button-default-type\" target=\"_blank\" rel=\"noopener noreferrer\" href=\"https:\/\/www.facebook.com\/RestaurantPorteGuillaume\/\"><i class=\"fa-facebook-f fab awb-button__icon awb-button__icon--default button-icon-left\" aria-hidden=\"true\"><\/i><span class=\"fusion-button-text awb-button__text awb-button__text--default\">Entdecke die Vorschl\u00e4ge<\/span><\/a><\/div><\/div><\/div><div class=\"fusion-layout-column fusion_builder_column fusion-builder-column-2 fusion_builder_column_1_1 1_1 fusion-flex-column fusion-flex-align-self-stretch\" style=\"--awb-padding-top:20px;--awb-padding-right:30px;--awb-padding-bottom:20px;--awb-padding-left:30px;--awb-overflow:hidden;--awb-bg-color:var(--awb-color1);--awb-bg-color-hover:var(--awb-color1);--awb-bg-size:cover;--awb-box-shadow:1px 1px 10px 0px rgba(67,69,73,0.2);;--awb-border-radius:5px 5px 5px 5px;--awb-width-large:100%;--awb-margin-top-large:0px;--awb-spacing-right-large:1.92%;--awb-margin-bottom-large:20px;--awb-spacing-left-large:1.92%;--awb-width-medium:100%;--awb-order-medium:0;--awb-spacing-right-medium:1.92%;--awb-spacing-left-medium:1.92%;--awb-width-small:100%;--awb-order-small:0;--awb-spacing-right-small:1.92%;--awb-spacing-left-small:1.92%;\"><div class=\"fusion-column-wrapper fusion-column-has-shadow fusion-flex-justify-content-center fusion-content-layout-column\"><div class=\"fusion-title title fusion-title-3 fusion-sep-none fusion-title-center fusion-title-text fusion-title-size-three\" style=\"--awb-text-color:var(--awb-color5);--awb-margin-bottom:40px;--awb-margin-top-small:10px;--awb-margin-right-small:0px;--awb-margin-bottom-small:10px;--awb-margin-left-small:0px;\"><h3 class=\"fusion-title-heading title-heading-center\" style=\"font-family:&quot;Lora&quot;;font-style:normal;font-weight:400;margin:0;\">Die Karte<\/h3><\/div><div class=\"_3d-flip-book  fb3d-fullscreen-mode full-size\" data-id=\"2093\" data-mode=\"fullscreen\" data-title=\"false\" data-template=\"short-white-book-view\" data-lightbox=\"dark-shadow\" data-urlparam=\"fb3d-page\" data-page-n=\"0\" data-pdf=\"\" data-tax=\"null\" data-thumbnail=\"\" data-cols=\"3\" data-book-template=\"default\" data-trigger=\"\"><\/div><script type=\"text\/javascript\">window.FB3D_CLIENT_DATA = window.FB3D_CLIENT_DATA || [];FB3D_CLIENT_DATA.push('eyJwb3N0cyI6eyIyMDkzIjp7IklEIjoyMDkzLCJ0aXRsZSI6Ik1lbnUgaGl2ZXIgMjAyNCIsInR5cGUiOiJwZGYiLCJyZWFkeV9mdW5jdGlvbiI6IiIsImJvb2tfc3R5bGUiOiJmbGF0IiwiYm9va190ZW1wbGF0ZSI6Im5vbmUiLCJvdXRsaW5lIjpbXSwiZGF0YSI6eyJwb3N0X0lEIjoiMjA5NCIsImd1aWQiOiJodHRwczpcL1wvaG90ZWwtZGFyY3kuZnJcL3dwLWNvbnRlbnRcL3VwbG9hZHNcLzIwMjRcLzEyXC9DQVJURS1ISVZFUi0yMDI0LU5FWEFHTy5wZGYiLCJwZGZfcGFnZXMiOiI0IiwicGFnZXNfY3VzdG9taXphdGlvbiI6Im5vbmUifSwidGh1bWJuYWlsIjp7ImRhdGEiOnsicG9zdF9JRCI6IjAifSwidHlwZSI6ImF1dG8ifSwicHJvcHMiOnsiYmFja2dyb3VuZENvbG9yIjoiYXV0byIsImJhY2tncm91bmRJbWFnZSI6ImF1dG8iLCJiYWNrZ3JvdW5kU3R5bGUiOiJhdXRvIiwiaGlnaGxpZ2h0TGlua3MiOiJhdXRvIiwibGlnaHRpbmciOiJhdXRvIiwic2luZ2xlUGFnZU1vZGUiOiJhdXRvIiwiY2FjaGVkUGFnZXMiOiJhdXRvIiwicmVuZGVySW5hY3RpdmVQYWdlcyI6ImF1dG8iLCJyZW5kZXJJbmFjdGl2ZVBhZ2VzT25Nb2JpbGUiOiJhdXRvIiwicmVuZGVyV2hpbGVGbGlwcGluZyI6ImF1dG8iLCJwcmVsb2FkUGFnZXMiOiJhdXRvIiwiYXV0b1BsYXlEdXJhdGlvbiI6ImF1dG8iLCJydGwiOiJhdXRvIiwiaW50ZXJhY3RpdmVDb3JuZXJzIjoiYXV0byIsIm1heERlcHRoIjoiYXV0byIsInNoZWV0Ijp7InN0YXJ0VmVsb2NpdHkiOiJhdXRvIiwid2F2ZSI6ImF1dG8iLCJzaGFwZSI6ImF1dG8iLCJ3aWR0aFRleGVscyI6ImF1dG8iLCJjb2xvciI6ImF1dG8iLCJzaWRlIjoiYXV0byIsInN0cmV0Y2hJbWFnZXMiOiJhdXRvIiwiY29ybmVyRGV2aWF0aW9uIjoiYXV0byIsImZsZXhpYmlsaXR5IjoiYXV0byIsImZsZXhpYmxlQ29ybmVyIjoiYXV0byIsImJlbmRpbmciOiJhdXRvIiwiaGVpZ2h0VGV4ZWxzIjoiYXV0byJ9LCJjb3ZlciI6eyJ3YXZlIjoiYXV0byIsImNvbG9yIjoiYXV0byIsInNpZGUiOiJhdXRvIiwic3RyZXRjaEltYWdlcyI6ImF1dG8iLCJiaW5kZXJUZXh0dXJlIjoiYXV0byIsImRlcHRoIjoiYXV0byIsInBhZGRpbmciOiJhdXRvIiwic3RhcnRWZWxvY2l0eSI6ImF1dG8iLCJmbGV4aWJpbGl0eSI6ImF1dG8iLCJmbGV4aWJsZUNvcm5lciI6ImF1dG8iLCJiZW5kaW5nIjoiYXV0byIsIndpZHRoVGV4ZWxzIjoiYXV0byIsImhlaWdodFRleGVscyI6ImF1dG8iLCJtYXNzIjoiYXV0byIsInNoYXBlIjoiYXV0byJ9LCJwYWdlIjp7IndhdmUiOiJhdXRvIiwiY29sb3IiOiJhdXRvIiwic2lkZSI6ImF1dG8iLCJzdHJldGNoSW1hZ2VzIjoiYXV0byIsImRlcHRoIjoiYXV0byIsInN0YXJ0VmVsb2NpdHkiOiJhdXRvIiwiZmxleGliaWxpdHkiOiJhdXRvIiwiZmxleGlibGVDb3JuZXIiOiJhdXRvIiwiYmVuZGluZyI6ImF1dG8iLCJ3aWR0aFRleGVscyI6ImF1dG8iLCJoZWlnaHRUZXhlbHMiOiJhdXRvIiwibWFzcyI6ImF1dG8iLCJzaGFwZSI6ImF1dG8ifSwiaGVpZ2h0IjoiYXV0byIsIndpZHRoIjoiYXV0byIsImdyYXZpdHkiOiJhdXRvIiwicGFnZXNGb3JQcmVkaWN0aW5nIjoiYXV0byJ9LCJjb250cm9sUHJvcHMiOnsiYWN0aW9ucyI6eyJjbWRUb2MiOnsiZW5hYmxlZCI6ImF1dG8iLCJlbmFibGVkSW5OYXJyb3ciOiJhdXRvIiwiYWN0aXZlIjoiYXV0byIsImRlZmF1bHRUYWIiOiJhdXRvIn0sImNtZEF1dG9QbGF5Ijp7ImVuYWJsZWQiOiJhdXRvIiwiZW5hYmxlZEluTmFycm93IjoiYXV0byIsImFjdGl2ZSI6ImF1dG8ifSwiY21kU2F2ZSI6eyJlbmFibGVkIjoiYXV0byIsImVuYWJsZWRJbk5hcnJvdyI6ImF1dG8ifSwiY21kUHJpbnQiOnsiZW5hYmxlZCI6ImF1dG8iLCJlbmFibGVkSW5OYXJyb3ciOiJhdXRvIn0sImNtZFNpbmdsZVBhZ2UiOnsiZW5hYmxlZCI6ImF1dG8iLCJlbmFibGVkSW5OYXJyb3ciOiJhdXRvIiwiYWN0aXZlIjoiYXV0byIsImFjdGl2ZUZvck1vYmlsZSI6ImF1dG8ifSwid2lkVG9vbGJhciI6eyJlbmFibGVkIjoiYXV0byIsImVuYWJsZWRJbk5hcnJvdyI6ImF1dG8ifX19LCJhdXRvVGh1bWJuYWlsIjoiaHR0cHM6XC9cL2hvdGVsLWRhcmN5LmZyXC93cC1jb250ZW50XC91cGxvYWRzXC8zZC1mbGlwLWJvb2tcL2F1dG8tdGh1bWJuYWlsc1wvMjA5My5wbmciLCJwb3N0X25hbWUiOiIyMDkzIiwicG9zdF90eXBlIjoiM2QtZmxpcC1ib29rIn19LCJwYWdlcyI6W10sImZpcnN0UGFnZXMiOltdfQ==');window.FB3D_CLIENT_LOCALE && FB3D_CLIENT_LOCALE.render && FB3D_CLIENT_LOCALE.render();<\/script><\/div><\/div><\/div><\/div>\n","protected":false},"excerpt":{"rendered":"","protected":false},"author":1,"featured_media":1643,"parent":0,"menu_order":0,"comment_status":"closed","ping_status":"closed","template":"100-width.php","meta":{"footnotes":""},"class_list":["post-1041","page","type-page","status-publish","has-post-thumbnail","hentry"],"yoast_head":"<!-- This site is optimized with the Yoast SEO plugin v27.4 - https:\/\/yoast.com\/product\/yoast-seo-wordpress\/ -->\n<title>Restaurant - Hotel Darcy<\/title>\n<meta name=\"robots\" content=\"index, follow, max-snippet:-1, max-image-preview:large, max-video-preview:-1\" \/>\n<link rel=\"canonical\" href=\"https:\/\/hotel-darcy.fr\/de\/restaurant\/\" \/>\n<meta property=\"og:locale\" content=\"de_DE\" \/>\n<meta property=\"og:type\" content=\"article\" \/>\n<meta property=\"og:title\" content=\"Restaurant - Hotel Darcy\" \/>\n<meta property=\"og:url\" content=\"https:\/\/hotel-darcy.fr\/de\/restaurant\/\" \/>\n<meta property=\"og:site_name\" content=\"Hotel Darcy\" \/>\n<meta property=\"article:publisher\" content=\"https:\/\/www.facebook.com\/RestaurantPorteGuillaume\/\" \/>\n<meta property=\"article:modified_time\" content=\"2024-12-10T13:07:25+00:00\" \/>\n<meta property=\"og:image\" content=\"https:\/\/hotel-darcy.fr\/wp-content\/uploads\/2024\/05\/banner-restaurant.jpg\" \/>\n\t<meta property=\"og:image:width\" content=\"1920\" \/>\n\t<meta property=\"og:image:height\" content=\"505\" \/>\n\t<meta property=\"og:image:type\" content=\"image\/jpeg\" \/>\n<meta name=\"twitter:card\" content=\"summary_large_image\" \/>\n<meta name=\"twitter:label1\" content=\"Gesch\u00e4tzte Lesezeit\" \/>\n\t<meta name=\"twitter:data1\" content=\"8\u00a0Minuten\" \/>\n<script type=\"application\/ld+json\" class=\"yoast-schema-graph\">{\"@context\":\"https:\\\/\\\/schema.org\",\"@graph\":[{\"@type\":\"WebPage\",\"@id\":\"https:\\\/\\\/hotel-darcy.fr\\\/de\\\/restaurant\\\/\",\"url\":\"https:\\\/\\\/hotel-darcy.fr\\\/de\\\/restaurant\\\/\",\"name\":\"Restaurant - Hotel Darcy\",\"isPartOf\":{\"@id\":\"https:\\\/\\\/hotel-darcy.fr\\\/de\\\/#website\"},\"primaryImageOfPage\":{\"@id\":\"https:\\\/\\\/hotel-darcy.fr\\\/de\\\/restaurant\\\/#primaryimage\"},\"image\":{\"@id\":\"https:\\\/\\\/hotel-darcy.fr\\\/de\\\/restaurant\\\/#primaryimage\"},\"thumbnailUrl\":\"https:\\\/\\\/hotel-darcy.fr\\\/wp-content\\\/uploads\\\/2024\\\/05\\\/banner-restaurant.jpg\",\"datePublished\":\"2023-03-02T09:48:14+00:00\",\"dateModified\":\"2024-12-10T13:07:25+00:00\",\"breadcrumb\":{\"@id\":\"https:\\\/\\\/hotel-darcy.fr\\\/de\\\/restaurant\\\/#breadcrumb\"},\"inLanguage\":\"de\",\"potentialAction\":[{\"@type\":\"ReadAction\",\"target\":[\"https:\\\/\\\/hotel-darcy.fr\\\/de\\\/restaurant\\\/\"]}]},{\"@type\":\"ImageObject\",\"inLanguage\":\"de\",\"@id\":\"https:\\\/\\\/hotel-darcy.fr\\\/de\\\/restaurant\\\/#primaryimage\",\"url\":\"https:\\\/\\\/hotel-darcy.fr\\\/wp-content\\\/uploads\\\/2024\\\/05\\\/banner-restaurant.jpg\",\"contentUrl\":\"https:\\\/\\\/hotel-darcy.fr\\\/wp-content\\\/uploads\\\/2024\\\/05\\\/banner-restaurant.jpg\",\"width\":1920,\"height\":505},{\"@type\":\"BreadcrumbList\",\"@id\":\"https:\\\/\\\/hotel-darcy.fr\\\/de\\\/restaurant\\\/#breadcrumb\",\"itemListElement\":[{\"@type\":\"ListItem\",\"position\":1,\"name\":\"Accueil\",\"item\":\"https:\\\/\\\/hotel-darcy.fr\\\/de\\\/3-sterne-hotel-im-zentrum-von-dijon\\\/\"},{\"@type\":\"ListItem\",\"position\":2,\"name\":\"Restaurant\"}]},{\"@type\":\"WebSite\",\"@id\":\"https:\\\/\\\/hotel-darcy.fr\\\/de\\\/#website\",\"url\":\"https:\\\/\\\/hotel-darcy.fr\\\/de\\\/\",\"name\":\"Hotel Darcy\",\"description\":\"\",\"publisher\":{\"@id\":\"https:\\\/\\\/hotel-darcy.fr\\\/de\\\/#organization\"},\"potentialAction\":[{\"@type\":\"SearchAction\",\"target\":{\"@type\":\"EntryPoint\",\"urlTemplate\":\"https:\\\/\\\/hotel-darcy.fr\\\/de\\\/?s={search_term_string}\"},\"query-input\":{\"@type\":\"PropertyValueSpecification\",\"valueRequired\":true,\"valueName\":\"search_term_string\"}}],\"inLanguage\":\"de\"},{\"@type\":\"Organization\",\"@id\":\"https:\\\/\\\/hotel-darcy.fr\\\/de\\\/#organization\",\"name\":\"Hotel Darcy\",\"url\":\"https:\\\/\\\/hotel-darcy.fr\\\/de\\\/\",\"logo\":{\"@type\":\"ImageObject\",\"inLanguage\":\"de\",\"@id\":\"https:\\\/\\\/hotel-darcy.fr\\\/de\\\/#\\\/schema\\\/logo\\\/image\\\/\",\"url\":\"https:\\\/\\\/hotel-darcy.fr\\\/wp-content\\\/uploads\\\/2025\\\/02\\\/Design-sans-titre-2025-02-25T145346.158.png\",\"contentUrl\":\"https:\\\/\\\/hotel-darcy.fr\\\/wp-content\\\/uploads\\\/2025\\\/02\\\/Design-sans-titre-2025-02-25T145346.158.png\",\"width\":696,\"height\":696,\"caption\":\"Hotel Darcy\"},\"image\":{\"@id\":\"https:\\\/\\\/hotel-darcy.fr\\\/de\\\/#\\\/schema\\\/logo\\\/image\\\/\"},\"sameAs\":[\"https:\\\/\\\/www.facebook.com\\\/RestaurantPorteGuillaume\\\/\"]}]}<\/script>\n<!-- \/ Yoast SEO plugin. -->","yoast_head_json":{"title":"Restaurant - Hotel Darcy","robots":{"index":"index","follow":"follow","max-snippet":"max-snippet:-1","max-image-preview":"max-image-preview:large","max-video-preview":"max-video-preview:-1"},"canonical":"https:\/\/hotel-darcy.fr\/de\/restaurant\/","og_locale":"de_DE","og_type":"article","og_title":"Restaurant - Hotel Darcy","og_url":"https:\/\/hotel-darcy.fr\/de\/restaurant\/","og_site_name":"Hotel Darcy","article_publisher":"https:\/\/www.facebook.com\/RestaurantPorteGuillaume\/","article_modified_time":"2024-12-10T13:07:25+00:00","og_image":[{"width":1920,"height":505,"url":"https:\/\/hotel-darcy.fr\/wp-content\/uploads\/2024\/05\/banner-restaurant.jpg","type":"image\/jpeg"}],"twitter_card":"summary_large_image","twitter_misc":{"Gesch\u00e4tzte Lesezeit":"8\u00a0Minuten"},"schema":{"@context":"https:\/\/schema.org","@graph":[{"@type":"WebPage","@id":"https:\/\/hotel-darcy.fr\/de\/restaurant\/","url":"https:\/\/hotel-darcy.fr\/de\/restaurant\/","name":"Restaurant - Hotel Darcy","isPartOf":{"@id":"https:\/\/hotel-darcy.fr\/de\/#website"},"primaryImageOfPage":{"@id":"https:\/\/hotel-darcy.fr\/de\/restaurant\/#primaryimage"},"image":{"@id":"https:\/\/hotel-darcy.fr\/de\/restaurant\/#primaryimage"},"thumbnailUrl":"https:\/\/hotel-darcy.fr\/wp-content\/uploads\/2024\/05\/banner-restaurant.jpg","datePublished":"2023-03-02T09:48:14+00:00","dateModified":"2024-12-10T13:07:25+00:00","breadcrumb":{"@id":"https:\/\/hotel-darcy.fr\/de\/restaurant\/#breadcrumb"},"inLanguage":"de","potentialAction":[{"@type":"ReadAction","target":["https:\/\/hotel-darcy.fr\/de\/restaurant\/"]}]},{"@type":"ImageObject","inLanguage":"de","@id":"https:\/\/hotel-darcy.fr\/de\/restaurant\/#primaryimage","url":"https:\/\/hotel-darcy.fr\/wp-content\/uploads\/2024\/05\/banner-restaurant.jpg","contentUrl":"https:\/\/hotel-darcy.fr\/wp-content\/uploads\/2024\/05\/banner-restaurant.jpg","width":1920,"height":505},{"@type":"BreadcrumbList","@id":"https:\/\/hotel-darcy.fr\/de\/restaurant\/#breadcrumb","itemListElement":[{"@type":"ListItem","position":1,"name":"Accueil","item":"https:\/\/hotel-darcy.fr\/de\/3-sterne-hotel-im-zentrum-von-dijon\/"},{"@type":"ListItem","position":2,"name":"Restaurant"}]},{"@type":"WebSite","@id":"https:\/\/hotel-darcy.fr\/de\/#website","url":"https:\/\/hotel-darcy.fr\/de\/","name":"Hotel Darcy","description":"","publisher":{"@id":"https:\/\/hotel-darcy.fr\/de\/#organization"},"potentialAction":[{"@type":"SearchAction","target":{"@type":"EntryPoint","urlTemplate":"https:\/\/hotel-darcy.fr\/de\/?s={search_term_string}"},"query-input":{"@type":"PropertyValueSpecification","valueRequired":true,"valueName":"search_term_string"}}],"inLanguage":"de"},{"@type":"Organization","@id":"https:\/\/hotel-darcy.fr\/de\/#organization","name":"Hotel Darcy","url":"https:\/\/hotel-darcy.fr\/de\/","logo":{"@type":"ImageObject","inLanguage":"de","@id":"https:\/\/hotel-darcy.fr\/de\/#\/schema\/logo\/image\/","url":"https:\/\/hotel-darcy.fr\/wp-content\/uploads\/2025\/02\/Design-sans-titre-2025-02-25T145346.158.png","contentUrl":"https:\/\/hotel-darcy.fr\/wp-content\/uploads\/2025\/02\/Design-sans-titre-2025-02-25T145346.158.png","width":696,"height":696,"caption":"Hotel Darcy"},"image":{"@id":"https:\/\/hotel-darcy.fr\/de\/#\/schema\/logo\/image\/"},"sameAs":["https:\/\/www.facebook.com\/RestaurantPorteGuillaume\/"]}]}},"_links":{"self":[{"href":"https:\/\/hotel-darcy.fr\/de\/wp-json\/wp\/v2\/pages\/1041","targetHints":{"allow":["GET"]}}],"collection":[{"href":"https:\/\/hotel-darcy.fr\/de\/wp-json\/wp\/v2\/pages"}],"about":[{"href":"https:\/\/hotel-darcy.fr\/de\/wp-json\/wp\/v2\/types\/page"}],"author":[{"embeddable":true,"href":"https:\/\/hotel-darcy.fr\/de\/wp-json\/wp\/v2\/users\/1"}],"replies":[{"embeddable":true,"href":"https:\/\/hotel-darcy.fr\/de\/wp-json\/wp\/v2\/comments?post=1041"}],"version-history":[{"count":5,"href":"https:\/\/hotel-darcy.fr\/de\/wp-json\/wp\/v2\/pages\/1041\/revisions"}],"predecessor-version":[{"id":2025,"href":"https:\/\/hotel-darcy.fr\/de\/wp-json\/wp\/v2\/pages\/1041\/revisions\/2025"}],"wp:featuredmedia":[{"embeddable":true,"href":"https:\/\/hotel-darcy.fr\/de\/wp-json\/wp\/v2\/media\/1643"}],"wp:attachment":[{"href":"https:\/\/hotel-darcy.fr\/de\/wp-json\/wp\/v2\/media?parent=1041"}],"curies":[{"name":"wp","href":"https:\/\/api.w.org\/{rel}","templated":true}]}}