{"id":181,"date":"2023-02-20T13:56:14","date_gmt":"2023-02-20T13:56:14","guid":{"rendered":"https:\/\/hotel-darcy.fr\/weinbar\/"},"modified":"2024-05-03T09:35:10","modified_gmt":"2024-05-03T09:35:10","slug":"weinbar","status":"publish","type":"page","link":"https:\/\/hotel-darcy.fr\/de\/weinbar\/","title":{"rendered":"Weinbar"},"content":{"rendered":"<div class=\"fusion-fullwidth fullwidth-box fusion-builder-row-1 fusion-flex-container has-pattern-background has-mask-background nonhundred-percent-fullwidth non-hundred-percent-height-scrolling\" style=\"--awb-border-radius-top-left:0px;--awb-border-radius-top-right:0px;--awb-border-radius-bottom-right:0px;--awb-border-radius-bottom-left:0px;--awb-padding-top:60px;--awb-padding-bottom:40px;--awb-flex-wrap:wrap;\" ><div class=\"fusion-builder-row fusion-row fusion-flex-align-items-flex-start fusion-flex-content-wrap\" style=\"max-width:1248px;margin-left: calc(-4% \/ 2 );margin-right: calc(-4% \/ 2 );\"><div class=\"fusion-layout-column fusion_builder_column fusion-builder-column-0 fusion_builder_column_1_2 1_2 fusion-flex-column\" style=\"--awb-bg-size:cover;--awb-width-large:50%;--awb-margin-top-large:0px;--awb-spacing-right-large:3.84%;--awb-margin-bottom-large:20px;--awb-spacing-left-large:3.84%;--awb-width-medium:50%;--awb-order-medium:0;--awb-spacing-right-medium:3.84%;--awb-spacing-left-medium:3.84%;--awb-width-small:100%;--awb-order-small:0;--awb-spacing-right-small:1.92%;--awb-spacing-left-small:1.92%;\"><div class=\"fusion-column-wrapper fusion-column-has-shadow fusion-flex-justify-content-flex-start fusion-content-layout-column\"><div class=\"fusion-title title fusion-title-1 fusion-sep-none fusion-title-text fusion-title-size-one\" style=\"--awb-margin-top-small:10px;--awb-margin-right-small:0px;--awb-margin-bottom-small:10px;--awb-margin-left-small:0px;--awb-font-size:25px;\"><h1 class=\"fusion-title-heading title-heading-right\" style=\"font-family:&quot;Lora&quot;;font-style:normal;font-weight:400;margin:0;font-size:1em;\">Gehen Sie in das Untergeschoss des Logis H\u00f4tel Darcy, um eine Weinprobe zu machen und die Weine Burgunds zu entdecken.<\/h1><\/div><div class=\"fusion-text fusion-text-1\" style=\"--awb-content-alignment:justify;--awb-font-size:16px;\"><p><em>Der authentische Weinkeller aus wei\u00dfem Stein steht im Kontrast zu der eleganten und modernen Einrichtung, die sich perfekt f\u00fcr einen Moment mit Freunden eignet.<br \/>Lassen Sie sich von einem der &#8222;Weinmen\u00fcs&#8220; verf\u00fchren, das Wein im Glas mit einem Wurst- und K\u00e4seteller kombiniert. F\u00fcr den gr\u00f6\u00dferen Appetit schauen Sie im Restaurant vorbei, wo mehr als hundert Weine auf der Karte stehen, darunter mehrere Grands Crus zu &#8222;diskreten&#8220; Preisen.<\/em><\/p>\n<p>M\u00f6glichkeit von Weinproben im Weinkeller. Kontaktieren Sie uns f\u00fcr die Jahrg\u00e4nge.<\/p>\n<\/div><div class=\"fusion-image-element \" style=\"--awb-aspect-ratio:4 \/ 3;--awb-caption-title-font-family:var(--h2_typography-font-family);--awb-caption-title-font-weight:var(--h2_typography-font-weight);--awb-caption-title-font-style:var(--h2_typography-font-style);--awb-caption-title-size:var(--h2_typography-font-size);--awb-caption-title-transform:var(--h2_typography-text-transform);--awb-caption-title-line-height:var(--h2_typography-line-height);--awb-caption-title-letter-spacing:var(--h2_typography-letter-spacing);\"><span class=\" fusion-imageframe imageframe-none imageframe-1 hover-type-none has-aspect-ratio\"><img decoding=\"async\" width=\"640\" height=\"480\" title=\"2- Espace bar\" src=\"https:\/\/hotel-darcy.fr\/wp-content\/uploads\/2024\/04\/2-Espace-bar.jpg\" class=\"img-responsive wp-image-1618 img-with-aspect-ratio\" data-parent-fit=\"cover\" data-parent-container=\".fusion-image-element\" alt srcset=\"https:\/\/hotel-darcy.fr\/wp-content\/uploads\/2024\/04\/2-Espace-bar-200x150.jpg 200w, https:\/\/hotel-darcy.fr\/wp-content\/uploads\/2024\/04\/2-Espace-bar-400x300.jpg 400w, https:\/\/hotel-darcy.fr\/wp-content\/uploads\/2024\/04\/2-Espace-bar-600x450.jpg 600w, https:\/\/hotel-darcy.fr\/wp-content\/uploads\/2024\/04\/2-Espace-bar.jpg 640w\" sizes=\"(max-width: 640px) 100vw, 600px\" \/><\/span><\/div><\/div><\/div><div class=\"fusion-layout-column fusion_builder_column fusion-builder-column-1 fusion_builder_column_1_2 1_2 fusion-flex-column fusion-flex-align-self-flex-start\" style=\"--awb-padding-top:20px;--awb-padding-right:20px;--awb-padding-bottom:20px;--awb-padding-left:20px;--awb-overflow:hidden;--awb-bg-color:var(--awb-color1);--awb-bg-color-hover:var(--awb-color1);--awb-bg-size:cover;--awb-box-shadow:1px 1px 10px 0px rgba(67,69,73,0.2);;--awb-border-radius:5px 5px 5px 5px;--awb-width-large:50%;--awb-margin-top-large:0px;--awb-spacing-right-large:3.84%;--awb-margin-bottom-large:20px;--awb-spacing-left-large:3.84%;--awb-width-medium:50%;--awb-order-medium:0;--awb-spacing-right-medium:3.84%;--awb-spacing-left-medium:3.84%;--awb-width-small:100%;--awb-order-small:0;--awb-spacing-right-small:1.92%;--awb-spacing-left-small:1.92%;\"><div class=\"fusion-column-wrapper fusion-column-has-shadow fusion-flex-justify-content-center fusion-content-layout-column\"><div class=\"fusion-image-element \" style=\"--awb-caption-title-font-family:var(--h2_typography-font-family);--awb-caption-title-font-weight:var(--h2_typography-font-weight);--awb-caption-title-font-style:var(--h2_typography-font-style);--awb-caption-title-size:var(--h2_typography-font-size);--awb-caption-title-transform:var(--h2_typography-text-transform);--awb-caption-title-line-height:var(--h2_typography-line-height);--awb-caption-title-letter-spacing:var(--h2_typography-letter-spacing);\"><span class=\" fusion-imageframe imageframe-none imageframe-2 hover-type-none\"><img decoding=\"async\" width=\"634\" height=\"919\" title=\"d\u00e9gustation et menu vin\" src=\"https:\/\/hotel-darcy.fr\/wp-content\/uploads\/2023\/10\/degustation-et-menu-vin.jpg\" alt class=\"img-responsive wp-image-1296\" srcset=\"https:\/\/hotel-darcy.fr\/wp-content\/uploads\/2023\/10\/degustation-et-menu-vin-200x290.jpg 200w, https:\/\/hotel-darcy.fr\/wp-content\/uploads\/2023\/10\/degustation-et-menu-vin-400x580.jpg 400w, https:\/\/hotel-darcy.fr\/wp-content\/uploads\/2023\/10\/degustation-et-menu-vin-600x870.jpg 600w, https:\/\/hotel-darcy.fr\/wp-content\/uploads\/2023\/10\/degustation-et-menu-vin.jpg 634w\" sizes=\"(max-width: 640px) 100vw, 600px\" \/><\/span><\/div><\/div><\/div><div class=\"fusion-layout-column fusion_builder_column fusion-builder-column-2 fusion_builder_column_1_1 1_1 fusion-flex-column\" style=\"--awb-bg-size:cover;--awb-width-large:100%;--awb-margin-top-large:0px;--awb-spacing-right-large:1.92%;--awb-margin-bottom-large:20px;--awb-spacing-left-large:1.92%;--awb-width-medium:100%;--awb-order-medium:0;--awb-spacing-right-medium:1.92%;--awb-spacing-left-medium:1.92%;--awb-width-small:100%;--awb-order-small:0;--awb-spacing-right-small:1.92%;--awb-spacing-left-small:1.92%;\"><div class=\"fusion-column-wrapper fusion-column-has-shadow fusion-flex-justify-content-flex-start fusion-content-layout-column\"><div class=\"fusion-alert alert general alert-info fusion-alert-center awb-alert-native-link-color alert-dismissable awb-alert-close-boxed\" role=\"alert\"><div class=\"fusion-alert-content-wrapper\"><span class=\"alert-icon\"><i class=\"awb-icon-info-circle\" aria-hidden=\"true\"><\/i><\/span><span class=\"fusion-alert-content\"><strong>IN RENOVIERUNG<\/strong><\/span><\/div><button type=\"button\" class=\"close toggle-alert\" data-dismiss=\"alert\" aria-label=\"Close\">&times;<\/button><\/div><\/div><\/div><\/div><\/div>\n","protected":false},"excerpt":{"rendered":"","protected":false},"author":1,"featured_media":1614,"parent":0,"menu_order":0,"comment_status":"closed","ping_status":"closed","template":"100-width.php","meta":{"footnotes":""},"class_list":["post-181","page","type-page","status-publish","has-post-thumbnail","hentry"],"yoast_head":"<!-- This site is optimized with the Yoast SEO plugin v27.5 - https:\/\/yoast.com\/product\/yoast-seo-wordpress\/ -->\n<title>Weinbar - Hotel Darcy<\/title>\n<meta name=\"robots\" content=\"index, follow, max-snippet:-1, max-image-preview:large, max-video-preview:-1\" \/>\n<link rel=\"canonical\" href=\"https:\/\/hotel-darcy.fr\/de\/weinbar\/\" \/>\n<meta property=\"og:locale\" content=\"de_DE\" \/>\n<meta property=\"og:type\" content=\"article\" \/>\n<meta property=\"og:title\" content=\"Weinbar - Hotel Darcy\" \/>\n<meta property=\"og:url\" content=\"https:\/\/hotel-darcy.fr\/de\/weinbar\/\" \/>\n<meta property=\"og:site_name\" content=\"Hotel Darcy\" \/>\n<meta property=\"article:publisher\" content=\"https:\/\/www.facebook.com\/RestaurantPorteGuillaume\/\" \/>\n<meta property=\"article:modified_time\" content=\"2024-05-03T09:35:10+00:00\" \/>\n<meta property=\"og:image\" content=\"https:\/\/hotel-darcy.fr\/wp-content\/uploads\/2024\/04\/Banner-Bar.jpg\" \/>\n\t<meta property=\"og:image:width\" content=\"1900\" \/>\n\t<meta property=\"og:image:height\" content=\"300\" \/>\n\t<meta property=\"og:image:type\" content=\"image\/jpeg\" \/>\n<meta name=\"twitter:card\" content=\"summary_large_image\" \/>\n<meta name=\"twitter:label1\" content=\"Gesch\u00e4tzte Lesezeit\" \/>\n\t<meta name=\"twitter:data1\" content=\"8\u00a0Minuten\" \/>\n<script type=\"application\/ld+json\" class=\"yoast-schema-graph\">{\"@context\":\"https:\\\/\\\/schema.org\",\"@graph\":[{\"@type\":\"WebPage\",\"@id\":\"https:\\\/\\\/hotel-darcy.fr\\\/de\\\/weinbar\\\/\",\"url\":\"https:\\\/\\\/hotel-darcy.fr\\\/de\\\/weinbar\\\/\",\"name\":\"Weinbar - Hotel Darcy\",\"isPartOf\":{\"@id\":\"https:\\\/\\\/hotel-darcy.fr\\\/de\\\/#website\"},\"primaryImageOfPage\":{\"@id\":\"https:\\\/\\\/hotel-darcy.fr\\\/de\\\/weinbar\\\/#primaryimage\"},\"image\":{\"@id\":\"https:\\\/\\\/hotel-darcy.fr\\\/de\\\/weinbar\\\/#primaryimage\"},\"thumbnailUrl\":\"https:\\\/\\\/hotel-darcy.fr\\\/wp-content\\\/uploads\\\/2024\\\/04\\\/Banner-Bar.jpg\",\"datePublished\":\"2023-02-20T13:56:14+00:00\",\"dateModified\":\"2024-05-03T09:35:10+00:00\",\"breadcrumb\":{\"@id\":\"https:\\\/\\\/hotel-darcy.fr\\\/de\\\/weinbar\\\/#breadcrumb\"},\"inLanguage\":\"de\",\"potentialAction\":[{\"@type\":\"ReadAction\",\"target\":[\"https:\\\/\\\/hotel-darcy.fr\\\/de\\\/weinbar\\\/\"]}]},{\"@type\":\"ImageObject\",\"inLanguage\":\"de\",\"@id\":\"https:\\\/\\\/hotel-darcy.fr\\\/de\\\/weinbar\\\/#primaryimage\",\"url\":\"https:\\\/\\\/hotel-darcy.fr\\\/wp-content\\\/uploads\\\/2024\\\/04\\\/Banner-Bar.jpg\",\"contentUrl\":\"https:\\\/\\\/hotel-darcy.fr\\\/wp-content\\\/uploads\\\/2024\\\/04\\\/Banner-Bar.jpg\",\"width\":1900,\"height\":300},{\"@type\":\"BreadcrumbList\",\"@id\":\"https:\\\/\\\/hotel-darcy.fr\\\/de\\\/weinbar\\\/#breadcrumb\",\"itemListElement\":[{\"@type\":\"ListItem\",\"position\":1,\"name\":\"Accueil\",\"item\":\"https:\\\/\\\/hotel-darcy.fr\\\/de\\\/3-sterne-hotel-im-zentrum-von-dijon\\\/\"},{\"@type\":\"ListItem\",\"position\":2,\"name\":\"Weinbar\"}]},{\"@type\":\"WebSite\",\"@id\":\"https:\\\/\\\/hotel-darcy.fr\\\/de\\\/#website\",\"url\":\"https:\\\/\\\/hotel-darcy.fr\\\/de\\\/\",\"name\":\"Hotel Darcy\",\"description\":\"\",\"publisher\":{\"@id\":\"https:\\\/\\\/hotel-darcy.fr\\\/de\\\/#organization\"},\"potentialAction\":[{\"@type\":\"SearchAction\",\"target\":{\"@type\":\"EntryPoint\",\"urlTemplate\":\"https:\\\/\\\/hotel-darcy.fr\\\/de\\\/?s={search_term_string}\"},\"query-input\":{\"@type\":\"PropertyValueSpecification\",\"valueRequired\":true,\"valueName\":\"search_term_string\"}}],\"inLanguage\":\"de\"},{\"@type\":\"Organization\",\"@id\":\"https:\\\/\\\/hotel-darcy.fr\\\/de\\\/#organization\",\"name\":\"Hotel Darcy\",\"url\":\"https:\\\/\\\/hotel-darcy.fr\\\/de\\\/\",\"logo\":{\"@type\":\"ImageObject\",\"inLanguage\":\"de\",\"@id\":\"https:\\\/\\\/hotel-darcy.fr\\\/de\\\/#\\\/schema\\\/logo\\\/image\\\/\",\"url\":\"https:\\\/\\\/hotel-darcy.fr\\\/wp-content\\\/uploads\\\/2025\\\/02\\\/Design-sans-titre-2025-02-25T145346.158.png\",\"contentUrl\":\"https:\\\/\\\/hotel-darcy.fr\\\/wp-content\\\/uploads\\\/2025\\\/02\\\/Design-sans-titre-2025-02-25T145346.158.png\",\"width\":696,\"height\":696,\"caption\":\"Hotel Darcy\"},\"image\":{\"@id\":\"https:\\\/\\\/hotel-darcy.fr\\\/de\\\/#\\\/schema\\\/logo\\\/image\\\/\"},\"sameAs\":[\"https:\\\/\\\/www.facebook.com\\\/RestaurantPorteGuillaume\\\/\"]}]}<\/script>\n<!-- \/ Yoast SEO plugin. -->","yoast_head_json":{"title":"Weinbar - Hotel Darcy","robots":{"index":"index","follow":"follow","max-snippet":"max-snippet:-1","max-image-preview":"max-image-preview:large","max-video-preview":"max-video-preview:-1"},"canonical":"https:\/\/hotel-darcy.fr\/de\/weinbar\/","og_locale":"de_DE","og_type":"article","og_title":"Weinbar - Hotel Darcy","og_url":"https:\/\/hotel-darcy.fr\/de\/weinbar\/","og_site_name":"Hotel Darcy","article_publisher":"https:\/\/www.facebook.com\/RestaurantPorteGuillaume\/","article_modified_time":"2024-05-03T09:35:10+00:00","og_image":[{"width":1900,"height":300,"url":"https:\/\/hotel-darcy.fr\/wp-content\/uploads\/2024\/04\/Banner-Bar.jpg","type":"image\/jpeg"}],"twitter_card":"summary_large_image","twitter_misc":{"Gesch\u00e4tzte Lesezeit":"8\u00a0Minuten"},"schema":{"@context":"https:\/\/schema.org","@graph":[{"@type":"WebPage","@id":"https:\/\/hotel-darcy.fr\/de\/weinbar\/","url":"https:\/\/hotel-darcy.fr\/de\/weinbar\/","name":"Weinbar - Hotel Darcy","isPartOf":{"@id":"https:\/\/hotel-darcy.fr\/de\/#website"},"primaryImageOfPage":{"@id":"https:\/\/hotel-darcy.fr\/de\/weinbar\/#primaryimage"},"image":{"@id":"https:\/\/hotel-darcy.fr\/de\/weinbar\/#primaryimage"},"thumbnailUrl":"https:\/\/hotel-darcy.fr\/wp-content\/uploads\/2024\/04\/Banner-Bar.jpg","datePublished":"2023-02-20T13:56:14+00:00","dateModified":"2024-05-03T09:35:10+00:00","breadcrumb":{"@id":"https:\/\/hotel-darcy.fr\/de\/weinbar\/#breadcrumb"},"inLanguage":"de","potentialAction":[{"@type":"ReadAction","target":["https:\/\/hotel-darcy.fr\/de\/weinbar\/"]}]},{"@type":"ImageObject","inLanguage":"de","@id":"https:\/\/hotel-darcy.fr\/de\/weinbar\/#primaryimage","url":"https:\/\/hotel-darcy.fr\/wp-content\/uploads\/2024\/04\/Banner-Bar.jpg","contentUrl":"https:\/\/hotel-darcy.fr\/wp-content\/uploads\/2024\/04\/Banner-Bar.jpg","width":1900,"height":300},{"@type":"BreadcrumbList","@id":"https:\/\/hotel-darcy.fr\/de\/weinbar\/#breadcrumb","itemListElement":[{"@type":"ListItem","position":1,"name":"Accueil","item":"https:\/\/hotel-darcy.fr\/de\/3-sterne-hotel-im-zentrum-von-dijon\/"},{"@type":"ListItem","position":2,"name":"Weinbar"}]},{"@type":"WebSite","@id":"https:\/\/hotel-darcy.fr\/de\/#website","url":"https:\/\/hotel-darcy.fr\/de\/","name":"Hotel Darcy","description":"","publisher":{"@id":"https:\/\/hotel-darcy.fr\/de\/#organization"},"potentialAction":[{"@type":"SearchAction","target":{"@type":"EntryPoint","urlTemplate":"https:\/\/hotel-darcy.fr\/de\/?s={search_term_string}"},"query-input":{"@type":"PropertyValueSpecification","valueRequired":true,"valueName":"search_term_string"}}],"inLanguage":"de"},{"@type":"Organization","@id":"https:\/\/hotel-darcy.fr\/de\/#organization","name":"Hotel Darcy","url":"https:\/\/hotel-darcy.fr\/de\/","logo":{"@type":"ImageObject","inLanguage":"de","@id":"https:\/\/hotel-darcy.fr\/de\/#\/schema\/logo\/image\/","url":"https:\/\/hotel-darcy.fr\/wp-content\/uploads\/2025\/02\/Design-sans-titre-2025-02-25T145346.158.png","contentUrl":"https:\/\/hotel-darcy.fr\/wp-content\/uploads\/2025\/02\/Design-sans-titre-2025-02-25T145346.158.png","width":696,"height":696,"caption":"Hotel Darcy"},"image":{"@id":"https:\/\/hotel-darcy.fr\/de\/#\/schema\/logo\/image\/"},"sameAs":["https:\/\/www.facebook.com\/RestaurantPorteGuillaume\/"]}]}},"_links":{"self":[{"href":"https:\/\/hotel-darcy.fr\/de\/wp-json\/wp\/v2\/pages\/181","targetHints":{"allow":["GET"]}}],"collection":[{"href":"https:\/\/hotel-darcy.fr\/de\/wp-json\/wp\/v2\/pages"}],"about":[{"href":"https:\/\/hotel-darcy.fr\/de\/wp-json\/wp\/v2\/types\/page"}],"author":[{"embeddable":true,"href":"https:\/\/hotel-darcy.fr\/de\/wp-json\/wp\/v2\/users\/1"}],"replies":[{"embeddable":true,"href":"https:\/\/hotel-darcy.fr\/de\/wp-json\/wp\/v2\/comments?post=181"}],"version-history":[{"count":5,"href":"https:\/\/hotel-darcy.fr\/de\/wp-json\/wp\/v2\/pages\/181\/revisions"}],"predecessor-version":[{"id":1769,"href":"https:\/\/hotel-darcy.fr\/de\/wp-json\/wp\/v2\/pages\/181\/revisions\/1769"}],"wp:featuredmedia":[{"embeddable":true,"href":"https:\/\/hotel-darcy.fr\/de\/wp-json\/wp\/v2\/media\/1614"}],"wp:attachment":[{"href":"https:\/\/hotel-darcy.fr\/de\/wp-json\/wp\/v2\/media?parent=181"}],"curies":[{"name":"wp","href":"https:\/\/api.w.org\/{rel}","templated":true}]}}