{"id":3868,"date":"2025-02-11T09:18:20","date_gmt":"2025-02-11T09:18:20","guid":{"rendered":"https:\/\/hotel-darcy.fr\/neufassung-der-rechtlichen-hinweise\/"},"modified":"2025-03-06T15:43:57","modified_gmt":"2025-03-06T15:43:57","slug":"rechtlichen-hinweise","status":"publish","type":"page","link":"https:\/\/hotel-darcy.fr\/de\/rechtlichen-hinweise\/","title":{"rendered":"Rechtliche Hinweise"},"content":{"rendered":"<p><div class=\"fusion-bg-parallax\" data-bg-align=\"left bottom\" data-direction=\"up\" data-mute=\"false\" data-opacity=\"100\" data-velocity=\"-0.3\" data-mobile-enabled=\"false\" data-break_parents=\"0\" data-bg-image=\"https:\/\/hotel-darcy.fr\/wp-content\/uploads\/2025\/02\/BG_vins.jpg\" data-bg-repeat=\"false\" data-bg-color=\"rgba(43,43,43,0.56)\" data-blend-mode=\"overlay\" ><\/div><div class=\"fusion-fullwidth fullwidth-box fusion-builder-row-1 fusion-flex-container has-pattern-background has-mask-background fusion-parallax-up hundred-percent-fullwidth non-hundred-percent-height-scrolling\" style=\"--awb-background-position:left bottom;--awb-background-blend-mode:overlay;--awb-border-radius-top-left:0px;--awb-border-radius-top-right:0px;--awb-border-radius-bottom-right:0px;--awb-border-radius-bottom-left:0px;--awb-min-height:50vh;--awb-background-color:rgba(43,43,43,0.56);--awb-background-image:url(&quot;https:\/\/hotel-darcy.fr\/wp-content\/uploads\/2025\/02\/BG_vins.jpg&quot;);--awb-background-size:cover;--awb-flex-wrap:wrap;\" ><div class=\"fusion-builder-row fusion-row fusion-flex-align-items-center fusion-flex-align-content-flex-end fusion-flex-content-wrap\" style=\"width:104% !important;max-width:104% !important;margin-left: calc(-4% \/ 2 );margin-right: calc(-4% \/ 2 );\"><div class=\"fusion-layout-column fusion_builder_column fusion-builder-column-0 fusion_builder_column_1_1 1_1 fusion-flex-column\" style=\"--awb-bg-size:cover;--awb-width-large:100%;--awb-margin-top-large:0px;--awb-spacing-right-large:1.92%;--awb-margin-bottom-large:20px;--awb-spacing-left-large:1.92%;--awb-width-medium:100%;--awb-order-medium:0;--awb-spacing-right-medium:1.92%;--awb-spacing-left-medium:1.92%;--awb-width-small:100%;--awb-order-small:0;--awb-spacing-right-small:0%;--awb-margin-bottom-small:0px;--awb-spacing-left-small:0%;\"><div class=\"fusion-column-wrapper fusion-column-has-shadow fusion-flex-justify-content-flex-start fusion-content-layout-column\"><div class=\"fusion-title title fusion-title-1 fusion-sep-none fusion-title-text fusion-title-size-one\" style=\"--awb-text-color:var(--awb-custom_color_8);--awb-margin-top:0px;--awb-margin-top-small:10px;--awb-margin-right-small:0px;--awb-margin-bottom-small:10px;--awb-margin-left-small:0px;--awb-font-size:90px;\"><h1 class=\"fusion-title-heading title-heading-left\" style=\"font-family:&quot;DM Sans&quot;;font-style:normal;font-weight:100;margin:0;text-transform:none;font-size:1em;\">Rechtliche Hinweise<br \/>\nund Allgemeine Gesch\u00e4ftsbedingungen<\/h1><\/div><\/div><\/div><\/div><\/div><div class=\"fusion-fullwidth fullwidth-box fusion-builder-row-2 fusion-flex-container has-pattern-background has-mask-background nonhundred-percent-fullwidth non-hundred-percent-height-scrolling\" style=\"--link_color: var(--awb-color4);--awb-border-radius-top-left:0px;--awb-border-radius-top-right:0px;--awb-border-radius-bottom-right:0px;--awb-border-radius-bottom-left:0px;--awb-padding-top:70px;--awb-padding-bottom:70px;--awb-margin-top:0px;--awb-background-color:var(--awb-custom_color_3);--awb-flex-wrap:wrap;\" ><div class=\"fusion-builder-row fusion-row fusion-flex-align-items-flex-start fusion-flex-justify-content-flex-end fusion-flex-content-wrap\" style=\"max-width:1248px;margin-left: calc(-4% \/ 2 );margin-right: calc(-4% \/ 2 );\"><div class=\"fusion-layout-column fusion_builder_column fusion-builder-column-1 fusion_builder_column_1_1 1_1 fusion-flex-column\" style=\"--awb-bg-size:cover;--awb-width-large:100%;--awb-margin-top-large:0px;--awb-spacing-right-large:1.92%;--awb-margin-bottom-large:20px;--awb-spacing-left-large:1.92%;--awb-width-medium:100%;--awb-order-medium:0;--awb-spacing-right-medium:1.92%;--awb-spacing-left-medium:1.92%;--awb-width-small:100%;--awb-order-small:0;--awb-spacing-right-small:1.92%;--awb-spacing-left-small:1.92%;\"><div class=\"fusion-column-wrapper fusion-column-has-shadow fusion-flex-justify-content-flex-start fusion-content-layout-column\"><div class=\"fusion-text fusion-text-1\" style=\"--awb-font-size:17px;--awb-text-color:var(--awb-color1);--awb-text-font-family:&quot;DM Sans&quot;;--awb-text-font-style:normal;--awb-text-font-weight:200;\"><h3 data-start=\"118\" data-end=\"169\"><span style=\"color: #ffffff;\"><strong data-start=\"122\" data-end=\"167\">Allgemeine Informationen \u00fcber HOTEL DARCY<\/strong><\/span><\/h3>\n<p data-start=\"171\" data-end=\"535\"><strong data-start=\"171\" data-end=\"186\">Unternehmen<\/strong>: SAS HOTEL DARCY DIJON CENTRE<br data-start=\"203\" data-end=\"206\" \/><strong data-start=\"206\" data-end=\"219\">Hauptsitz<\/strong>: Place Darcy, 21000 Dijon, Frankreich<br data-start=\"257\" data-end=\"260\" \/><strong data-start=\"260\" data-end=\"271\">Telefon<\/strong>: +33 (0)3 80 50 80 50<br data-start=\"293\" data-end=\"296\" \/><strong data-start=\"296\" data-end=\"306\">E-Mail<\/strong>: <a rel=\"noopener\" data-start=\"308\" data-end=\"329\">contact@hoteldarcy.fr<\/a><br data-start=\"329\" data-end=\"332\" \/><strong data-start=\"332\" data-end=\"341\">SIRET<\/strong>: 01565125000019<br data-start=\"357\" data-end=\"360\" \/><strong data-start=\"360\" data-end=\"384\">Gesellschaftskapital<\/strong>: 150.030,00 \u20ac<br data-start=\"398\" data-end=\"401\" \/><strong data-start=\"401\" data-end=\"445\">Verantwortliche f\u00fcr die Ver\u00f6ffentlichung<\/strong>: Frau Panart<br data-start=\"458\" data-end=\"461\" \/><strong data-start=\"461\" data-end=\"481\">Hosting-Anbieter<\/strong>: OVH, 2 rue Kellermann &#8211; 59100 Roubaix &#8211; Frankreich<\/p>\n<hr data-start=\"537\" data-end=\"540\" \/>\n<h3 data-start=\"542\" data-end=\"595\"><span style=\"color: #ffffff;\"><strong data-start=\"546\" data-end=\"593\">Verarbeitung im Zusammenhang mit Formularen<\/strong><\/span><\/h3>\n<p data-start=\"597\" data-end=\"762\">Jedes auf der Website von <strong data-start=\"623\" data-end=\"638\">HOTEL DARCY<\/strong> vorhandene Formular beschr\u00e4nkt die Erfassung personenbezogener Daten auf das Notwendige und informiert insbesondere \u00fcber:<\/p>\n<ul data-start=\"764\" data-end=\"1227\">\n<li data-start=\"764\" data-end=\"814\">Die Zwecke der Datenerhebung (Zweckbestimmung)<\/li>\n<li data-start=\"815\" data-end=\"880\">Die rechtliche Grundlage der Datenerfassung (Rechtsgrundlage)<\/li>\n<li data-start=\"881\" data-end=\"938\">Die gegebenenfalls verfolgten berechtigten Interessen<\/li>\n<li data-start=\"939\" data-end=\"1081\">Die Angabe, ob die Bereitstellung der Daten obligatorisch oder optional ist (obligatorische Daten sind mit einem Sternchen gekennzeichnet)<\/li>\n<li data-start=\"1082\" data-end=\"1192\">Wer Zugang zu den Daten hat (in der Regel nur <strong data-start=\"1130\" data-end=\"1145\">HOTEL DARCY<\/strong>, au\u00dfer es wird im Formular anders angegeben)<\/li>\n<li data-start=\"1193\" data-end=\"1227\">Die Dauer der Datenspeicherung<\/li>\n<\/ul>\n<p data-start=\"1229\" data-end=\"1374\">F\u00fcr weitere Informationen oder zur Aus\u00fcbung Ihrer Datenschutzrechte siehe den Abschnitt <strong data-start=\"1317\" data-end=\"1358\">&#8222;Wie k\u00f6nnen Sie Ihre Rechte aus\u00fcben?&#8220;<\/strong> weiter unten.<\/p>\n<hr data-start=\"1376\" data-end=\"1379\" \/>\n<h3 data-start=\"1381\" data-end=\"1443\"><span style=\"color: #ffffff;\"><strong data-start=\"1385\" data-end=\"1441\">Verarbeitung im Zusammenhang mit der Kundenbeziehung<\/strong><\/span><\/h3>\n<p data-start=\"1445\" data-end=\"1623\">Im Rahmen unserer Gesch\u00e4ftsbeziehungen erfassen und verwenden wir Informationen \u00fcber Ansprechpartner innerhalb unserer Kundenunternehmen. Diese Daten k\u00f6nnen Folgendes umfassen:<\/p>\n<ul data-start=\"1625\" data-end=\"1743\">\n<li data-start=\"1625\" data-end=\"1667\">Identifikationsdaten (Name, Vorname \u2026)<\/li>\n<li data-start=\"1668\" data-end=\"1743\">Berufliche Kontaktdaten (gesch\u00e4ftliche Telefonnummer, E-Mail-Adresse \u2026)<\/li>\n<\/ul>\n<p data-start=\"1745\" data-end=\"1963\">Diese Informationen dienen der Verwaltung der Gesch\u00e4ftsbeziehung mit Ihrem Unternehmen und werden bei \u00c4nderungen aktualisiert (z. B. wenn der Ansprechpartner wechselt). Die Daten werden nicht an Dritte weitergegeben.<\/p>\n<hr data-start=\"1965\" data-end=\"1968\" \/>\n<h3 data-start=\"1970\" data-end=\"2010\"><span style=\"color: #ffffff;\"><strong data-start=\"1974\" data-end=\"2008\">Cookies und Reichweitenmessung<\/strong><\/span><\/h3>\n<p data-start=\"2012\" data-end=\"2186\">Ein Cookie ist eine Textdatei, die von der besuchten Website an Ihren Browser gesendet wird. Sie erm\u00f6glicht die Speicherung und Erfassung von Informationen, beispielsweise:<\/p>\n<ul data-start=\"2188\" data-end=\"2358\">\n<li data-start=\"2188\" data-end=\"2223\">Welche Seiten Sie besucht haben<\/li>\n<li data-start=\"2224\" data-end=\"2272\">Wie lange Sie auf der Website geblieben sind<\/li>\n<li data-start=\"2273\" data-end=\"2310\">Welche Links Sie angeklickt haben<\/li>\n<li data-start=\"2311\" data-end=\"2358\">Wie h\u00e4ufig Sie auf die Website zur\u00fcckkehren<\/li>\n<\/ul>\n<hr data-start=\"2360\" data-end=\"2363\" \/>\n<h3 data-start=\"2365\" data-end=\"2420\"><span style=\"color: #ffffff;\"><strong data-start=\"2369\" data-end=\"2418\">Sicherheit der Website und Besuchsstatistiken<\/strong><\/span><\/h3>\n<p data-start=\"2422\" data-end=\"2642\">W\u00e4hrend Sie auf unserer Website surfen, \u00fcbertr\u00e4gt Ihr Browser automatisch bestimmte Informationen, die f\u00fcr die Navigation erforderlich sind. Wir erfassen folgende Daten, um unsere Website zu verbessern und zu sch\u00fctzen:<\/p>\n<ul data-start=\"2644\" data-end=\"2875\">\n<li data-start=\"2644\" data-end=\"2663\">Ihre IP-Adresse<\/li>\n<li data-start=\"2664\" data-end=\"2698\">Datum und Uhrzeit der Anfragen<\/li>\n<li data-start=\"2699\" data-end=\"2721\">Inhalt der Anfrage<\/li>\n<li data-start=\"2722\" data-end=\"2746\">Ursprung der Anfrage<\/li>\n<li data-start=\"2747\" data-end=\"2773\">\u00dcbertragene Datenmenge<\/li>\n<li data-start=\"2774\" data-end=\"2786\">Zeitzone<\/li>\n<li data-start=\"2787\" data-end=\"2838\">Informationen zum Betriebssystem und Browsertyp<\/li>\n<li data-start=\"2839\" data-end=\"2875\">Sprache und Version des Browsers<\/li>\n<\/ul>\n<p data-start=\"2877\" data-end=\"3156\">Wir analysieren auch die Anzahl der Besuche, die Anzahl der aufgerufenen Seiten, das Besucherverhalten auf der Website und die Wiederkehrrate \u2013 ohne individuelle Identifizierung. Diese Verarbeitung basiert auf unserem berechtigten Interesse gem\u00e4\u00df Artikel 6 Abs. 1 lit. f DSGVO.<\/p>\n<hr data-start=\"3158\" data-end=\"3161\" \/>\n<h3 data-start=\"3163\" data-end=\"3214\"><span style=\"color: #ffffff;\"><strong data-start=\"3167\" data-end=\"3212\">VERBRAUCHERSCHLICHTUNG IM TOURISMUSSEKTOR<\/strong><\/span><\/h3>\n<p data-start=\"3216\" data-end=\"3522\">Gem\u00e4\u00df den Bestimmungen der Artikel L. 612-1 ff. des franz\u00f6sischen Verbraucherschutzgesetzes hat jeder Verbraucher das Recht, sich kostenlos an einen Verbraucherschlichter zu wenden, um eine au\u00dfergerichtliche L\u00f6sung eines Konflikts mit einem Unternehmen zu finden \u2013 in diesem Fall mit <strong data-start=\"3500\" data-end=\"3519\">SAS HOTEL DARCY<\/strong>.<\/p>\n<p data-start=\"3524\" data-end=\"3665\">Zu diesem Zweck garantiert <strong data-start=\"3551\" data-end=\"3570\">SAS HOTEL DARCY<\/strong> dem Verbraucher den Zugang zur <strong data-start=\"3602\" data-end=\"3662\">Schlichtungsstelle f\u00fcr Tourismus und Reisen &#8222;mtv.travel&#8220;<\/strong>.<\/p>\n<hr data-start=\"3667\" data-end=\"3670\" \/>\n<h3 data-start=\"3672\" data-end=\"3706\"><span style=\"color: #ffffff;\"><strong data-start=\"3676\" data-end=\"3704\">Welche Rechte haben Sie?<\/strong><\/span><\/h3>\n<p data-start=\"3708\" data-end=\"3969\">Gem\u00e4\u00df der <a href=\"https:\/\/www.cnil.fr\/fr\/reglement-europeen-protection-donnees\" target=\"_new\" rel=\"noopener\" data-start=\"3718\" data-end=\"3817\">Datenschutz-Grundverordnung (DSGVO)<\/a> und dem <a href=\"https:\/\/www.cnil.fr\/fr\/la-loi-informatique-et-libertes\" target=\"_new\" rel=\"noopener\" data-start=\"3826\" data-end=\"3946\">franz\u00f6sischen Datenschutzgesetz &#8222;Loi Informatique et Libert\u00e9s&#8220;<\/a> haben Sie das Recht:<\/p>\n<ul data-start=\"3971\" data-end=\"4283\">\n<li data-start=\"3971\" data-end=\"4034\">Auf Ihre Daten zuzugreifen und eine Kopie davon zu erhalten<\/li>\n<li data-start=\"4035\" data-end=\"4125\">Der Verarbeitung dieser Daten zu widersprechen, sie berichtigen oder l\u00f6schen zu lassen<\/li>\n<li data-start=\"4126\" data-end=\"4194\">Die Einschr\u00e4nkung oder \u00dcbertragbarkeit Ihrer Daten zu beantragen<\/li>\n<li data-start=\"4195\" data-end=\"4283\">Ihre Einwilligung jederzeit zu widerrufen, falls die Verarbeitung auf dieser basiert<\/li>\n<\/ul>\n<hr data-start=\"4285\" data-end=\"4288\" \/>\n<h3 data-start=\"4290\" data-end=\"4335\"><span style=\"color: #ffffff;\"><strong data-start=\"4294\" data-end=\"4333\">Wie k\u00f6nnen Sie Ihre Rechte aus\u00fcben?<\/strong><\/span><\/h3>\n<p data-start=\"4337\" data-end=\"4408\">Sie k\u00f6nnen Ihre Rechte jederzeit aus\u00fcben, indem Sie uns kontaktieren:<\/p>\n<ul data-start=\"4410\" data-end=\"4530\">\n<li data-start=\"4410\" data-end=\"4447\">Per E-Mail: <a rel=\"noopener\" data-start=\"4424\" data-end=\"4445\">contact@hoteldarcy.fr<\/a><\/li>\n<li data-start=\"4448\" data-end=\"4478\">\u00dcber unser Kontaktformular<\/li>\n<li data-start=\"4479\" data-end=\"4530\">Per unterschriebenem Brief an folgende Adresse:<\/li>\n<\/ul>\n<p data-start=\"4532\" data-end=\"4590\"><strong data-start=\"4532\" data-end=\"4547\">HOTEL DARCY<\/strong><br data-start=\"4547\" data-end=\"4550\" \/>Place Darcy<br data-start=\"4561\" data-end=\"4564\" \/>21000 Dijon<br data-start=\"4575\" data-end=\"4578\" \/>Frankreich<\/p>\n<p data-start=\"4592\" data-end=\"4814\">Aus Sicherheitsgr\u00fcnden m\u00fcssen Sie sich identifizieren (z. B. durch Angabe Ihres Namens, Vornamens, Kundennummer, Ihrer Post- oder E-Mail-Adresse). Falls erforderlich, kann ein g\u00fcltiger Identit\u00e4tsnachweis verlangt werden.<\/p>\n<p data-start=\"4816\" data-end=\"5005\">Wenn Sie der Meinung sind, dass Ihre Datenschutzrechte nicht respektiert werden, k\u00f6nnen Sie <a href=\"https:\/\/www.cnil.fr\/fr\/webform\/adresser-une-plainte\" target=\"_new\" rel=\"noopener\" data-start=\"4908\" data-end=\"5002\">eine Beschwerde bei der CNIL einreichen<\/a>.<\/p>\n<hr data-start=\"5007\" data-end=\"5010\" \/>\n<h3 data-start=\"5012\" data-end=\"5065\"><span style=\"color: #ffffff;\"><strong data-start=\"5016\" data-end=\"5063\">Aktualisierung dieser Datenschutzrichtlinie<\/strong><\/span><\/h3>\n<p data-start=\"5067\" data-end=\"5237\">Wir aktualisieren diese Datenschutzrichtlinie von Zeit zu Zeit. Bei wesentlichen \u00c4nderungen wird eine gut sichtbare Benachrichtigung auf unserer Website ver\u00f6ffentlicht.<\/p>\n<p data-start=\"5239\" data-end=\"5304\">Wir empfehlen Ihnen, diese Richtlinie regelm\u00e4\u00dfig zu \u00fcberpr\u00fcfen.<\/p>\n<\/div><\/div><\/div><\/div><\/div><\/p>\n","protected":false},"excerpt":{"rendered":"","protected":false},"author":1,"featured_media":0,"parent":0,"menu_order":0,"comment_status":"closed","ping_status":"closed","template":"100-width.php","meta":{"footnotes":""},"class_list":["post-3868","page","type-page","status-publish","hentry"],"yoast_head":"<!-- This site is optimized with the Yoast SEO plugin v27.5 - https:\/\/yoast.com\/product\/yoast-seo-wordpress\/ -->\n<title>Rechtliche Hinweise - Hotel Darcy<\/title>\n<meta name=\"description\" content=\"Das 3* Hotel Darcy liegt im Herzen des historischen Zentrums von Dijon und bietet 27 Zimmer, eine Weinbar und ein Restaurant in einem gem\u00fctlichen Rahmen.\" \/>\n<meta name=\"robots\" content=\"noindex, nofollow\" \/>\n<meta property=\"og:locale\" content=\"de_DE\" \/>\n<meta property=\"og:type\" content=\"article\" \/>\n<meta property=\"og:title\" content=\"Rechtliche Hinweise - Hotel Darcy\" \/>\n<meta property=\"og:description\" content=\"Das 3* Hotel Darcy liegt im Herzen des historischen Zentrums von Dijon und bietet 27 Zimmer, eine Weinbar und ein Restaurant in einem gem\u00fctlichen Rahmen.\" \/>\n<meta property=\"og:url\" content=\"https:\/\/hotel-darcy.fr\/de\/rechtlichen-hinweise\/\" \/>\n<meta property=\"og:site_name\" content=\"Hotel Darcy\" \/>\n<meta property=\"article:publisher\" content=\"https:\/\/www.facebook.com\/RestaurantPorteGuillaume\/\" \/>\n<meta property=\"article:modified_time\" content=\"2025-03-06T15:43:57+00:00\" \/>\n<meta property=\"og:image\" content=\"https:\/\/hotel-darcy.fr\/wp-content\/uploads\/2025\/02\/Frame-14.jpg\" \/>\n\t<meta property=\"og:image:width\" content=\"1200\" \/>\n\t<meta property=\"og:image:height\" content=\"610\" \/>\n\t<meta property=\"og:image:type\" content=\"image\/jpeg\" \/>\n<meta name=\"twitter:card\" content=\"summary_large_image\" \/>\n<meta name=\"twitter:label1\" content=\"Gesch\u00e4tzte Lesezeit\" \/>\n\t<meta name=\"twitter:data1\" content=\"4\u00a0Minuten\" \/>\n<script type=\"application\/ld+json\" class=\"yoast-schema-graph\">{\"@context\":\"https:\\\/\\\/schema.org\",\"@graph\":[{\"@type\":\"WebPage\",\"@id\":\"https:\\\/\\\/hotel-darcy.fr\\\/de\\\/rechtlichen-hinweise\\\/\",\"url\":\"https:\\\/\\\/hotel-darcy.fr\\\/de\\\/rechtlichen-hinweise\\\/\",\"name\":\"Rechtliche Hinweise - Hotel Darcy\",\"isPartOf\":{\"@id\":\"https:\\\/\\\/hotel-darcy.fr\\\/de\\\/#website\"},\"datePublished\":\"2025-02-11T09:18:20+00:00\",\"dateModified\":\"2025-03-06T15:43:57+00:00\",\"description\":\"Das 3* Hotel Darcy liegt im Herzen des historischen Zentrums von Dijon und bietet 27 Zimmer, eine Weinbar und ein Restaurant in einem gem\u00fctlichen Rahmen.\",\"breadcrumb\":{\"@id\":\"https:\\\/\\\/hotel-darcy.fr\\\/de\\\/rechtlichen-hinweise\\\/#breadcrumb\"},\"inLanguage\":\"de\",\"potentialAction\":[{\"@type\":\"ReadAction\",\"target\":[\"https:\\\/\\\/hotel-darcy.fr\\\/de\\\/rechtlichen-hinweise\\\/\"]}]},{\"@type\":\"BreadcrumbList\",\"@id\":\"https:\\\/\\\/hotel-darcy.fr\\\/de\\\/rechtlichen-hinweise\\\/#breadcrumb\",\"itemListElement\":[{\"@type\":\"ListItem\",\"position\":1,\"name\":\"Accueil\",\"item\":\"https:\\\/\\\/hotel-darcy.fr\\\/de\\\/3-sterne-hotel-im-zentrum-von-dijon\\\/\"},{\"@type\":\"ListItem\",\"position\":2,\"name\":\"Rechtliche Hinweise\"}]},{\"@type\":\"WebSite\",\"@id\":\"https:\\\/\\\/hotel-darcy.fr\\\/de\\\/#website\",\"url\":\"https:\\\/\\\/hotel-darcy.fr\\\/de\\\/\",\"name\":\"Hotel Darcy\",\"description\":\"\",\"publisher\":{\"@id\":\"https:\\\/\\\/hotel-darcy.fr\\\/de\\\/#organization\"},\"potentialAction\":[{\"@type\":\"SearchAction\",\"target\":{\"@type\":\"EntryPoint\",\"urlTemplate\":\"https:\\\/\\\/hotel-darcy.fr\\\/de\\\/?s={search_term_string}\"},\"query-input\":{\"@type\":\"PropertyValueSpecification\",\"valueRequired\":true,\"valueName\":\"search_term_string\"}}],\"inLanguage\":\"de\"},{\"@type\":\"Organization\",\"@id\":\"https:\\\/\\\/hotel-darcy.fr\\\/de\\\/#organization\",\"name\":\"Hotel Darcy\",\"url\":\"https:\\\/\\\/hotel-darcy.fr\\\/de\\\/\",\"logo\":{\"@type\":\"ImageObject\",\"inLanguage\":\"de\",\"@id\":\"https:\\\/\\\/hotel-darcy.fr\\\/de\\\/#\\\/schema\\\/logo\\\/image\\\/\",\"url\":\"https:\\\/\\\/hotel-darcy.fr\\\/wp-content\\\/uploads\\\/2025\\\/02\\\/Design-sans-titre-2025-02-25T145346.158.png\",\"contentUrl\":\"https:\\\/\\\/hotel-darcy.fr\\\/wp-content\\\/uploads\\\/2025\\\/02\\\/Design-sans-titre-2025-02-25T145346.158.png\",\"width\":696,\"height\":696,\"caption\":\"Hotel Darcy\"},\"image\":{\"@id\":\"https:\\\/\\\/hotel-darcy.fr\\\/de\\\/#\\\/schema\\\/logo\\\/image\\\/\"},\"sameAs\":[\"https:\\\/\\\/www.facebook.com\\\/RestaurantPorteGuillaume\\\/\"]}]}<\/script>\n<!-- \/ Yoast SEO plugin. -->","yoast_head_json":{"title":"Rechtliche Hinweise - Hotel Darcy","description":"Das 3* Hotel Darcy liegt im Herzen des historischen Zentrums von Dijon und bietet 27 Zimmer, eine Weinbar und ein Restaurant in einem gem\u00fctlichen Rahmen.","robots":{"index":"noindex","follow":"nofollow"},"og_locale":"de_DE","og_type":"article","og_title":"Rechtliche Hinweise - Hotel Darcy","og_description":"Das 3* Hotel Darcy liegt im Herzen des historischen Zentrums von Dijon und bietet 27 Zimmer, eine Weinbar und ein Restaurant in einem gem\u00fctlichen Rahmen.","og_url":"https:\/\/hotel-darcy.fr\/de\/rechtlichen-hinweise\/","og_site_name":"Hotel Darcy","article_publisher":"https:\/\/www.facebook.com\/RestaurantPorteGuillaume\/","article_modified_time":"2025-03-06T15:43:57+00:00","og_image":[{"width":1200,"height":610,"url":"https:\/\/hotel-darcy.fr\/wp-content\/uploads\/2025\/02\/Frame-14.jpg","type":"image\/jpeg"}],"twitter_card":"summary_large_image","twitter_misc":{"Gesch\u00e4tzte Lesezeit":"4\u00a0Minuten"},"schema":{"@context":"https:\/\/schema.org","@graph":[{"@type":"WebPage","@id":"https:\/\/hotel-darcy.fr\/de\/rechtlichen-hinweise\/","url":"https:\/\/hotel-darcy.fr\/de\/rechtlichen-hinweise\/","name":"Rechtliche Hinweise - Hotel Darcy","isPartOf":{"@id":"https:\/\/hotel-darcy.fr\/de\/#website"},"datePublished":"2025-02-11T09:18:20+00:00","dateModified":"2025-03-06T15:43:57+00:00","description":"Das 3* Hotel Darcy liegt im Herzen des historischen Zentrums von Dijon und bietet 27 Zimmer, eine Weinbar und ein Restaurant in einem gem\u00fctlichen Rahmen.","breadcrumb":{"@id":"https:\/\/hotel-darcy.fr\/de\/rechtlichen-hinweise\/#breadcrumb"},"inLanguage":"de","potentialAction":[{"@type":"ReadAction","target":["https:\/\/hotel-darcy.fr\/de\/rechtlichen-hinweise\/"]}]},{"@type":"BreadcrumbList","@id":"https:\/\/hotel-darcy.fr\/de\/rechtlichen-hinweise\/#breadcrumb","itemListElement":[{"@type":"ListItem","position":1,"name":"Accueil","item":"https:\/\/hotel-darcy.fr\/de\/3-sterne-hotel-im-zentrum-von-dijon\/"},{"@type":"ListItem","position":2,"name":"Rechtliche Hinweise"}]},{"@type":"WebSite","@id":"https:\/\/hotel-darcy.fr\/de\/#website","url":"https:\/\/hotel-darcy.fr\/de\/","name":"Hotel Darcy","description":"","publisher":{"@id":"https:\/\/hotel-darcy.fr\/de\/#organization"},"potentialAction":[{"@type":"SearchAction","target":{"@type":"EntryPoint","urlTemplate":"https:\/\/hotel-darcy.fr\/de\/?s={search_term_string}"},"query-input":{"@type":"PropertyValueSpecification","valueRequired":true,"valueName":"search_term_string"}}],"inLanguage":"de"},{"@type":"Organization","@id":"https:\/\/hotel-darcy.fr\/de\/#organization","name":"Hotel Darcy","url":"https:\/\/hotel-darcy.fr\/de\/","logo":{"@type":"ImageObject","inLanguage":"de","@id":"https:\/\/hotel-darcy.fr\/de\/#\/schema\/logo\/image\/","url":"https:\/\/hotel-darcy.fr\/wp-content\/uploads\/2025\/02\/Design-sans-titre-2025-02-25T145346.158.png","contentUrl":"https:\/\/hotel-darcy.fr\/wp-content\/uploads\/2025\/02\/Design-sans-titre-2025-02-25T145346.158.png","width":696,"height":696,"caption":"Hotel Darcy"},"image":{"@id":"https:\/\/hotel-darcy.fr\/de\/#\/schema\/logo\/image\/"},"sameAs":["https:\/\/www.facebook.com\/RestaurantPorteGuillaume\/"]}]}},"_links":{"self":[{"href":"https:\/\/hotel-darcy.fr\/de\/wp-json\/wp\/v2\/pages\/3868","targetHints":{"allow":["GET"]}}],"collection":[{"href":"https:\/\/hotel-darcy.fr\/de\/wp-json\/wp\/v2\/pages"}],"about":[{"href":"https:\/\/hotel-darcy.fr\/de\/wp-json\/wp\/v2\/types\/page"}],"author":[{"embeddable":true,"href":"https:\/\/hotel-darcy.fr\/de\/wp-json\/wp\/v2\/users\/1"}],"replies":[{"embeddable":true,"href":"https:\/\/hotel-darcy.fr\/de\/wp-json\/wp\/v2\/comments?post=3868"}],"version-history":[{"count":5,"href":"https:\/\/hotel-darcy.fr\/de\/wp-json\/wp\/v2\/pages\/3868\/revisions"}],"predecessor-version":[{"id":4087,"href":"https:\/\/hotel-darcy.fr\/de\/wp-json\/wp\/v2\/pages\/3868\/revisions\/4087"}],"wp:attachment":[{"href":"https:\/\/hotel-darcy.fr\/de\/wp-json\/wp\/v2\/media?parent=3868"}],"curies":[{"name":"wp","href":"https:\/\/api.w.org\/{rel}","templated":true}]}}