{"id":931,"date":"2023-03-01T15:53:32","date_gmt":"2023-03-01T15:53:32","guid":{"rendered":"https:\/\/hotel-darcy.fr\/die-seminarpauschalen\/"},"modified":"2024-05-03T09:25:55","modified_gmt":"2024-05-03T09:25:55","slug":"die-seminarpauschalen","status":"publish","type":"page","link":"https:\/\/hotel-darcy.fr\/de\/die-seminarpauschalen\/","title":{"rendered":"Die Seminarpauschalen"},"content":{"rendered":"<p><div class=\"fusion-fullwidth fullwidth-box fusion-builder-row-1 fusion-flex-container has-pattern-background has-mask-background nonhundred-percent-fullwidth non-hundred-percent-height-scrolling\" style=\"--awb-border-radius-top-left:0px;--awb-border-radius-top-right:0px;--awb-border-radius-bottom-right:0px;--awb-border-radius-bottom-left:0px;--awb-padding-top:60px;--awb-padding-bottom:40px;--awb-flex-wrap:wrap;\" ><div class=\"fusion-builder-row fusion-row fusion-flex-align-items-flex-start fusion-flex-content-wrap\" style=\"max-width:1248px;margin-left: calc(-4% \/ 2 );margin-right: calc(-4% \/ 2 );\"><div class=\"fusion-layout-column fusion_builder_column fusion-builder-column-0 fusion_builder_column_2_5 2_5 fusion-flex-column\" style=\"--awb-bg-size:cover;--awb-width-large:40%;--awb-margin-top-large:0px;--awb-spacing-right-large:4.8%;--awb-margin-bottom-large:20px;--awb-spacing-left-large:4.8%;--awb-width-medium:40%;--awb-order-medium:0;--awb-spacing-right-medium:4.8%;--awb-spacing-left-medium:4.8%;--awb-width-small:100%;--awb-order-small:0;--awb-spacing-right-small:1.92%;--awb-spacing-left-small:1.92%;\"><div class=\"fusion-column-wrapper fusion-column-has-shadow fusion-flex-justify-content-flex-start fusion-content-layout-column\"><div class=\"fusion-title title fusion-title-1 fusion-sep-none fusion-title-text fusion-title-size-one\" style=\"--awb-margin-top-small:10px;--awb-margin-right-small:0px;--awb-margin-bottom-small:10px;--awb-margin-left-small:0px;--awb-font-size:25px;\"><h1 class=\"fusion-title-heading title-heading-right\" style=\"font-family:&quot;Lora&quot;;font-style:normal;font-weight:400;margin:0;font-size:1em;\">Ihr Seminarraum in Dijon. Ein neues Angebot an Konferenzr\u00e4umen, um den neuen Bed\u00fcrfnissen von Unternehmen gerecht zu werden.<\/h1><\/div><\/div><\/div><div class=\"fusion-layout-column fusion_builder_column fusion-builder-column-1 fusion_builder_column_3_5 3_5 fusion-flex-column\" style=\"--awb-bg-size:cover;--awb-width-large:60%;--awb-margin-top-large:0px;--awb-spacing-right-large:3.2%;--awb-margin-bottom-large:0px;--awb-spacing-left-large:3.2%;--awb-width-medium:60%;--awb-order-medium:0;--awb-spacing-right-medium:3.2%;--awb-spacing-left-medium:3.2%;--awb-width-small:100%;--awb-order-small:0;--awb-spacing-right-small:1.92%;--awb-spacing-left-small:1.92%;\"><div class=\"fusion-column-wrapper fusion-column-has-shadow fusion-flex-justify-content-flex-start fusion-content-layout-column\"><div class=\"fusion-text fusion-text-1 awb-text-cols fusion-text-columns-2\" style=\"--awb-content-alignment:justify;--awb-font-size:16px;--awb-columns:2;--awb-column-spacing:2em;--awb-column-min-width:100px;\"><p>Die wirtschaftliche Dynamik der burgundischen Metropole zieht heute Wirtschaftsaktivit\u00e4ten mit hohem technologischen, industriellen Gehalt an, die zu dem fantastischen Weinbaukern der Region hinzukommen. Dijon ist daher die ideale Stadt f\u00fcr Unternehmen aus diesem Bereich, die Versammlungen oder Schulungen abhalten m\u00f6chten.<\/p>\n<p>F\u00fcr die Organisation von Teamsitzungen, Verwaltungsratssitzungen, Produktpr\u00e4sentationen usw. bietet Ihnen das Logis H\u00f4tel Darcy ausgestattete Tagungsr\u00e4ume f\u00fcr 2 bis 30 Personen. Die Tagungsr\u00e4ume sind alle mit kostenloser WLAN-Internetverbindung ausgestattet.<\/p>\n<\/div><\/div><\/div><\/div><\/div><div class=\"fusion-fullwidth fullwidth-box fusion-builder-row-2 fusion-flex-container has-pattern-background has-mask-background nonhundred-percent-fullwidth non-hundred-percent-height-scrolling\" style=\"--awb-border-radius-top-left:0px;--awb-border-radius-top-right:0px;--awb-border-radius-bottom-right:0px;--awb-border-radius-bottom-left:0px;--awb-padding-top:60px;--awb-padding-bottom:40px;--awb-flex-wrap:wrap;\" ><div class=\"fusion-builder-row fusion-row fusion-flex-align-items-flex-start fusion-flex-content-wrap\" style=\"max-width:1248px;margin-left: calc(-4% \/ 2 );margin-right: calc(-4% \/ 2 );\"><div class=\"fusion-layout-column fusion_builder_column fusion-builder-column-2 fusion_builder_column_1_1 1_1 fusion-flex-column\" style=\"--awb-bg-size:cover;--awb-width-large:100%;--awb-margin-top-large:0px;--awb-spacing-right-large:1.92%;--awb-margin-bottom-large:20px;--awb-spacing-left-large:1.92%;--awb-width-medium:100%;--awb-order-medium:0;--awb-spacing-right-medium:1.92%;--awb-spacing-left-medium:1.92%;--awb-width-small:100%;--awb-order-small:0;--awb-spacing-right-small:1.92%;--awb-spacing-left-small:1.92%;\"><div class=\"fusion-column-wrapper fusion-column-has-shadow fusion-flex-justify-content-flex-start fusion-content-layout-column\"><div class=\"fusion-alert alert general alert-info fusion-alert-center awb-alert-native-link-color alert-dismissable awb-alert-close-boxed\" role=\"alert\"><div class=\"fusion-alert-content-wrapper\"><span class=\"alert-icon\"><i class=\"awb-icon-info-circle\" aria-hidden=\"true\"><\/i><\/span><span class=\"fusion-alert-content\"><strong>IN RENOVIERUNG<\/strong><\/span><\/div><button type=\"button\" class=\"close toggle-alert\" data-dismiss=\"alert\" aria-label=\"Close\">&times;<\/button><\/div><\/div><\/div><div class=\"fusion-layout-column fusion_builder_column fusion-builder-column-3 fusion_builder_column_1_3 1_3 fusion-flex-column fusion-flex-align-self-stretch\" style=\"--awb-padding-top:20px;--awb-padding-right:10px;--awb-padding-left:10px;--awb-overflow:hidden;--awb-bg-color:var(--awb-color1);--awb-bg-color-hover:var(--awb-color1);--awb-bg-size:cover;--awb-box-shadow:1px 1px 10px 0px rgba(67,69,73,0.2);;--awb-border-radius:5px 5px 5px 5px;--awb-width-large:33.333333333333%;--awb-margin-top-large:0px;--awb-spacing-right-large:5.76%;--awb-margin-bottom-large:20px;--awb-spacing-left-large:5.76%;--awb-width-medium:33.333333333333%;--awb-order-medium:0;--awb-spacing-right-medium:5.76%;--awb-spacing-left-medium:5.76%;--awb-width-small:100%;--awb-order-small:0;--awb-spacing-right-small:1.92%;--awb-spacing-left-small:1.92%;\"><div class=\"fusion-column-wrapper fusion-column-has-shadow fusion-flex-justify-content-flex-start fusion-content-layout-column\"><div class=\"fusion-title title fusion-title-2 fusion-sep-none fusion-title-text fusion-title-size-three\" style=\"--awb-margin-right:20px;--awb-margin-left:20px;--awb-margin-top-small:10px;--awb-margin-right-small:0px;--awb-margin-bottom-small:10px;--awb-margin-left-small:0px;--awb-font-size:28px;\"><h3 class=\"fusion-title-heading title-heading-left\" style=\"font-family:&quot;Lora&quot;;font-style:normal;font-weight:500;margin:0;font-size:1em;\">* Tag Studie<\/h3><\/div><div class=\"fusion-text fusion-text-2\" style=\"--awb-margin-right:20px;--awb-margin-left:20px;\"><p>(KONTAKTIEREN SIE UNS F\u00dcR DIE PREISE)<\/p>\n<\/div><ul style=\"--awb-margin-right:20px;--awb-margin-bottom:20px;--awb-margin-left:0px;--awb-line-height:27.2px;--awb-icon-width:27.2px;--awb-icon-height:27.2px;--awb-icon-margin:11.2px;--awb-content-margin:38.4px;\" class=\"fusion-checklist fusion-checklist-1 fusion-checklist-default type-icons\"><li class=\"fusion-li-item\" style=\"\"><span class=\"icon-wrapper circle-no\"><i class=\"fusion-li-icon fa-angle-right fas\" aria-hidden=\"true\"><\/i><\/span><div class=\"fusion-li-item-content\">Wohnzimmer (einschlie\u00dflich Material)<\/div><\/li><li class=\"fusion-li-item\" style=\"\"><span class=\"icon-wrapper circle-no\"><i class=\"fusion-li-icon fa-angle-right fas\" aria-hidden=\"true\"><\/i><\/span><div class=\"fusion-li-item-content\">2 Pausen (morgens und nachmittags)<\/div><\/li><li class=\"fusion-li-item\" style=\"\"><span class=\"icon-wrapper circle-no\"><i class=\"fusion-li-icon fa-angle-right fas\" aria-hidden=\"true\"><\/i><\/span><div class=\"fusion-li-item-content\">1 Mahlzeit (inkl. Getr\u00e4nke)<\/div><\/li><\/ul><div ><a class=\"fusion-button button-flat fusion-button-default-size button-default fusion-button-default button-1 fusion-button-default-span fusion-button-default-type\" style=\"--awb-margin-top:20px;--awb-margin-right:20px;--awb-margin-bottom:20px;--awb-margin-left:20px;\" target=\"_self\" href=\"https:\/\/hotel-darcy.fr\/int\/hotelnord\/contact-hotel-du-nord-dijon\/\"><span class=\"fusion-button-text awb-button__text awb-button__text--default\">Kontaktieren Sie uns<\/span><\/a><\/div><\/div><\/div><div class=\"fusion-layout-column fusion_builder_column fusion-builder-column-4 fusion_builder_column_1_3 1_3 fusion-flex-column fusion-flex-align-self-stretch\" style=\"--awb-padding-top:20px;--awb-padding-right:10px;--awb-padding-left:10px;--awb-overflow:hidden;--awb-bg-color:var(--awb-color1);--awb-bg-color-hover:var(--awb-color1);--awb-bg-size:cover;--awb-box-shadow:1px 1px 10px 0px rgba(67,69,73,0.2);;--awb-border-radius:5px 5px 5px 5px;--awb-width-large:33.333333333333%;--awb-margin-top-large:0px;--awb-spacing-right-large:5.76%;--awb-margin-bottom-large:20px;--awb-spacing-left-large:5.76%;--awb-width-medium:33.333333333333%;--awb-order-medium:0;--awb-spacing-right-medium:5.76%;--awb-spacing-left-medium:5.76%;--awb-width-small:100%;--awb-order-small:2;--awb-spacing-right-small:1.92%;--awb-spacing-left-small:1.92%;\"><div class=\"fusion-column-wrapper fusion-column-has-shadow fusion-flex-justify-content-flex-start fusion-content-layout-column\"><div class=\"fusion-title title fusion-title-3 fusion-sep-none fusion-title-text fusion-title-size-three\" style=\"--awb-margin-right:20px;--awb-margin-left:20px;--awb-margin-top-small:10px;--awb-margin-right-small:0px;--awb-margin-bottom-small:10px;--awb-margin-left-small:0px;--awb-font-size:28px;\"><h3 class=\"fusion-title-heading title-heading-left\" style=\"font-family:&quot;Lora&quot;;font-style:normal;font-weight:500;margin:0;font-size:1em;\">** Seminar<br \/>\nSemi Residential<\/h3><\/div><div class=\"fusion-text fusion-text-3\" style=\"--awb-margin-right:20px;--awb-margin-left:20px;\"><p>(KONTAKTIEREN SIE UNS F\u00dcR DIE PREISE)<\/p>\n<\/div><ul style=\"--awb-margin-right:20px;--awb-margin-bottom:20px;--awb-margin-left:0px;--awb-line-height:27.2px;--awb-icon-width:27.2px;--awb-icon-height:27.2px;--awb-icon-margin:11.2px;--awb-content-margin:38.4px;\" class=\"fusion-checklist fusion-checklist-2 fusion-checklist-default type-icons\"><li class=\"fusion-li-item\" style=\"\"><span class=\"icon-wrapper circle-no\"><i class=\"fusion-li-icon fa-angle-right fas\" aria-hidden=\"true\"><\/i><\/span><div class=\"fusion-li-item-content\">1 Zimmer Dusche oder Bad<\/div><\/li><li class=\"fusion-li-item\" style=\"\"><span class=\"icon-wrapper circle-no\"><i class=\"fusion-li-icon fa-angle-right fas\" aria-hidden=\"true\"><\/i><\/span><div class=\"fusion-li-item-content\">1 Fr\u00fchst\u00fccksbuffet<\/div><\/li><li class=\"fusion-li-item\" style=\"\"><span class=\"icon-wrapper circle-no\"><i class=\"fusion-li-icon fa-angle-right fas\" aria-hidden=\"true\"><\/i><\/span><div class=\"fusion-li-item-content\">2 Pausen (morgens und nachmittags)<\/div><\/li><li class=\"fusion-li-item\" style=\"\"><span class=\"icon-wrapper circle-no\"><i class=\"fusion-li-icon fa-angle-right fas\" aria-hidden=\"true\"><\/i><\/span><div class=\"fusion-li-item-content\">1 Mahlzeit (inkl. Getr\u00e4nke)<\/div><\/li><li class=\"fusion-li-item\" style=\"\"><span class=\"icon-wrapper circle-no\"><i class=\"fusion-li-icon fa-angle-right fas\" aria-hidden=\"true\"><\/i><\/span><div class=\"fusion-li-item-content\"><span style=\"color: grey;\">Hinzu kommt die geltende Kurtaxe pro Person<\/span><\/div><\/li><\/ul><div ><a class=\"fusion-button button-flat fusion-button-default-size button-default fusion-button-default button-2 fusion-button-default-span fusion-button-default-type\" style=\"--awb-margin-top:20px;--awb-margin-right:20px;--awb-margin-bottom:20px;--awb-margin-left:20px;\" target=\"_self\" href=\"https:\/\/hotel-darcy.fr\/int\/hotelnord\/contact-hotel-du-nord-dijon\/\"><span class=\"fusion-button-text awb-button__text awb-button__text--default\">Kontaktieren Sie uns<\/span><\/a><\/div><\/div><\/div><div class=\"fusion-layout-column fusion_builder_column fusion-builder-column-5 fusion_builder_column_1_3 1_3 fusion-flex-column fusion-flex-align-self-stretch\" style=\"--awb-padding-top:20px;--awb-padding-right:10px;--awb-padding-left:10px;--awb-overflow:hidden;--awb-bg-color:var(--awb-color1);--awb-bg-color-hover:var(--awb-color1);--awb-bg-size:cover;--awb-box-shadow:1px 1px 10px 0px rgba(67,69,73,0.2);;--awb-border-radius:5px 5px 5px 5px;--awb-width-large:33.333333333333%;--awb-margin-top-large:0px;--awb-spacing-right-large:5.76%;--awb-margin-bottom-large:20px;--awb-spacing-left-large:5.76%;--awb-width-medium:33.333333333333%;--awb-order-medium:0;--awb-spacing-right-medium:5.76%;--awb-spacing-left-medium:5.76%;--awb-width-small:100%;--awb-order-small:4;--awb-spacing-right-small:1.92%;--awb-spacing-left-small:1.92%;\"><div class=\"fusion-column-wrapper fusion-column-has-shadow fusion-flex-justify-content-flex-start fusion-content-layout-column\"><div class=\"fusion-title title fusion-title-4 fusion-sep-none fusion-title-text fusion-title-size-three\" style=\"--awb-margin-right:20px;--awb-margin-left:20px;--awb-margin-top-small:10px;--awb-margin-right-small:0px;--awb-margin-bottom-small:10px;--awb-margin-left-small:0px;--awb-font-size:28px;\"><h3 class=\"fusion-title-heading title-heading-left\" style=\"font-family:&quot;Lora&quot;;font-style:normal;font-weight:500;margin:0;font-size:1em;\">*** Seminar<br \/>\nWohngebiet<\/h3><\/div><div class=\"fusion-text fusion-text-4\" style=\"--awb-margin-right:20px;--awb-margin-left:20px;\"><p>(KONTAKTIEREN SIE UNS F\u00dcR DIE PREISE)<\/p>\n<\/div><ul style=\"--awb-margin-right:20px;--awb-margin-bottom:20px;--awb-margin-left:0px;--awb-line-height:27.2px;--awb-icon-width:27.2px;--awb-icon-height:27.2px;--awb-icon-margin:11.2px;--awb-content-margin:38.4px;\" class=\"fusion-checklist fusion-checklist-3 fusion-checklist-default type-icons\"><li class=\"fusion-li-item\" style=\"\"><span class=\"icon-wrapper circle-no\"><i class=\"fusion-li-icon fa-angle-right fas\" aria-hidden=\"true\"><\/i><\/span><div class=\"fusion-li-item-content\">1 Zimmer Dusche oder Bad<\/div><\/li><li class=\"fusion-li-item\" style=\"\"><span class=\"icon-wrapper circle-no\"><i class=\"fusion-li-icon fa-angle-right fas\" aria-hidden=\"true\"><\/i><\/span><div class=\"fusion-li-item-content\">1 Fr\u00fchst\u00fccksbuffet<\/div><\/li><li class=\"fusion-li-item\" style=\"\"><span class=\"icon-wrapper circle-no\"><i class=\"fusion-li-icon fa-angle-right fas\" aria-hidden=\"true\"><\/i><\/span><div class=\"fusion-li-item-content\">2 Pausen (morgens und nachmittags)<\/div><\/li><li class=\"fusion-li-item\" style=\"\"><span class=\"icon-wrapper circle-no\"><i class=\"fusion-li-icon fa-angle-right fas\" aria-hidden=\"true\"><\/i><\/span><div class=\"fusion-li-item-content\">2 Mahlzeiten (inkl. Getr\u00e4nke)<\/div><\/li><li class=\"fusion-li-item\" style=\"\"><span class=\"icon-wrapper circle-no\"><i class=\"fusion-li-icon fa-angle-right fas\" aria-hidden=\"true\"><\/i><\/span><div class=\"fusion-li-item-content\"><span style=\"color: grey;\">Hinzu kommt die geltende Kurtaxe pro Person<\/span><\/div><\/li><\/ul><div ><a class=\"fusion-button button-flat fusion-button-default-size button-default fusion-button-default button-3 fusion-button-default-span fusion-button-default-type\" style=\"--awb-margin-top:20px;--awb-margin-right:20px;--awb-margin-bottom:20px;--awb-margin-left:20px;\" target=\"_self\" href=\"https:\/\/hotel-darcy.fr\/int\/hotelnord\/contact-hotel-du-nord-dijon\/\"><span class=\"fusion-button-text awb-button__text awb-button__text--default\">Kontaktieren Sie uns<\/span><\/a><\/div><\/div><\/div><\/div><\/div><\/p>\n","protected":false},"excerpt":{"rendered":"","protected":false},"author":1,"featured_media":1676,"parent":0,"menu_order":0,"comment_status":"closed","ping_status":"closed","template":"100-width.php","meta":{"footnotes":""},"class_list":["post-931","page","type-page","status-publish","has-post-thumbnail","hentry"],"yoast_head":"<!-- This site is optimized with the Yoast SEO plugin v27.4 - https:\/\/yoast.com\/product\/yoast-seo-wordpress\/ -->\n<title>Die Seminarpauschalen - Hotel Darcy<\/title>\n<meta name=\"robots\" content=\"index, follow, max-snippet:-1, max-image-preview:large, max-video-preview:-1\" \/>\n<link rel=\"canonical\" href=\"https:\/\/hotel-darcy.fr\/de\/die-seminarpauschalen\/\" \/>\n<meta property=\"og:locale\" content=\"de_DE\" \/>\n<meta property=\"og:type\" content=\"article\" \/>\n<meta property=\"og:title\" content=\"Die Seminarpauschalen - Hotel Darcy\" \/>\n<meta property=\"og:url\" content=\"https:\/\/hotel-darcy.fr\/de\/die-seminarpauschalen\/\" \/>\n<meta property=\"og:site_name\" content=\"Hotel Darcy\" \/>\n<meta property=\"article:publisher\" content=\"https:\/\/www.facebook.com\/RestaurantPorteGuillaume\/\" \/>\n<meta property=\"article:modified_time\" content=\"2024-05-03T09:25:55+00:00\" \/>\n<meta property=\"og:image\" content=\"https:\/\/hotel-darcy.fr\/wp-content\/uploads\/2024\/05\/banner-seminaire.jpg\" \/>\n\t<meta property=\"og:image:width\" content=\"1920\" \/>\n\t<meta property=\"og:image:height\" content=\"505\" \/>\n\t<meta property=\"og:image:type\" content=\"image\/jpeg\" \/>\n<meta name=\"twitter:card\" content=\"summary_large_image\" \/>\n<meta name=\"twitter:label1\" content=\"Gesch\u00e4tzte Lesezeit\" \/>\n\t<meta name=\"twitter:data1\" content=\"15\u00a0Minuten\" \/>\n<script type=\"application\/ld+json\" class=\"yoast-schema-graph\">{\"@context\":\"https:\\\/\\\/schema.org\",\"@graph\":[{\"@type\":\"WebPage\",\"@id\":\"https:\\\/\\\/hotel-darcy.fr\\\/de\\\/die-seminarpauschalen\\\/\",\"url\":\"https:\\\/\\\/hotel-darcy.fr\\\/de\\\/die-seminarpauschalen\\\/\",\"name\":\"Die Seminarpauschalen - Hotel Darcy\",\"isPartOf\":{\"@id\":\"https:\\\/\\\/hotel-darcy.fr\\\/de\\\/#website\"},\"primaryImageOfPage\":{\"@id\":\"https:\\\/\\\/hotel-darcy.fr\\\/de\\\/die-seminarpauschalen\\\/#primaryimage\"},\"image\":{\"@id\":\"https:\\\/\\\/hotel-darcy.fr\\\/de\\\/die-seminarpauschalen\\\/#primaryimage\"},\"thumbnailUrl\":\"https:\\\/\\\/hotel-darcy.fr\\\/wp-content\\\/uploads\\\/2024\\\/05\\\/banner-seminaire.jpg\",\"datePublished\":\"2023-03-01T15:53:32+00:00\",\"dateModified\":\"2024-05-03T09:25:55+00:00\",\"breadcrumb\":{\"@id\":\"https:\\\/\\\/hotel-darcy.fr\\\/de\\\/die-seminarpauschalen\\\/#breadcrumb\"},\"inLanguage\":\"de\",\"potentialAction\":[{\"@type\":\"ReadAction\",\"target\":[\"https:\\\/\\\/hotel-darcy.fr\\\/de\\\/die-seminarpauschalen\\\/\"]}]},{\"@type\":\"ImageObject\",\"inLanguage\":\"de\",\"@id\":\"https:\\\/\\\/hotel-darcy.fr\\\/de\\\/die-seminarpauschalen\\\/#primaryimage\",\"url\":\"https:\\\/\\\/hotel-darcy.fr\\\/wp-content\\\/uploads\\\/2024\\\/05\\\/banner-seminaire.jpg\",\"contentUrl\":\"https:\\\/\\\/hotel-darcy.fr\\\/wp-content\\\/uploads\\\/2024\\\/05\\\/banner-seminaire.jpg\",\"width\":1920,\"height\":505},{\"@type\":\"BreadcrumbList\",\"@id\":\"https:\\\/\\\/hotel-darcy.fr\\\/de\\\/die-seminarpauschalen\\\/#breadcrumb\",\"itemListElement\":[{\"@type\":\"ListItem\",\"position\":1,\"name\":\"Accueil\",\"item\":\"https:\\\/\\\/hotel-darcy.fr\\\/de\\\/3-sterne-hotel-im-zentrum-von-dijon\\\/\"},{\"@type\":\"ListItem\",\"position\":2,\"name\":\"Die Seminarpauschalen\"}]},{\"@type\":\"WebSite\",\"@id\":\"https:\\\/\\\/hotel-darcy.fr\\\/de\\\/#website\",\"url\":\"https:\\\/\\\/hotel-darcy.fr\\\/de\\\/\",\"name\":\"Hotel Darcy\",\"description\":\"\",\"publisher\":{\"@id\":\"https:\\\/\\\/hotel-darcy.fr\\\/de\\\/#organization\"},\"potentialAction\":[{\"@type\":\"SearchAction\",\"target\":{\"@type\":\"EntryPoint\",\"urlTemplate\":\"https:\\\/\\\/hotel-darcy.fr\\\/de\\\/?s={search_term_string}\"},\"query-input\":{\"@type\":\"PropertyValueSpecification\",\"valueRequired\":true,\"valueName\":\"search_term_string\"}}],\"inLanguage\":\"de\"},{\"@type\":\"Organization\",\"@id\":\"https:\\\/\\\/hotel-darcy.fr\\\/de\\\/#organization\",\"name\":\"Hotel Darcy\",\"url\":\"https:\\\/\\\/hotel-darcy.fr\\\/de\\\/\",\"logo\":{\"@type\":\"ImageObject\",\"inLanguage\":\"de\",\"@id\":\"https:\\\/\\\/hotel-darcy.fr\\\/de\\\/#\\\/schema\\\/logo\\\/image\\\/\",\"url\":\"https:\\\/\\\/hotel-darcy.fr\\\/wp-content\\\/uploads\\\/2025\\\/02\\\/Design-sans-titre-2025-02-25T145346.158.png\",\"contentUrl\":\"https:\\\/\\\/hotel-darcy.fr\\\/wp-content\\\/uploads\\\/2025\\\/02\\\/Design-sans-titre-2025-02-25T145346.158.png\",\"width\":696,\"height\":696,\"caption\":\"Hotel Darcy\"},\"image\":{\"@id\":\"https:\\\/\\\/hotel-darcy.fr\\\/de\\\/#\\\/schema\\\/logo\\\/image\\\/\"},\"sameAs\":[\"https:\\\/\\\/www.facebook.com\\\/RestaurantPorteGuillaume\\\/\"]}]}<\/script>\n<!-- \/ Yoast SEO plugin. -->","yoast_head_json":{"title":"Die Seminarpauschalen - Hotel Darcy","robots":{"index":"index","follow":"follow","max-snippet":"max-snippet:-1","max-image-preview":"max-image-preview:large","max-video-preview":"max-video-preview:-1"},"canonical":"https:\/\/hotel-darcy.fr\/de\/die-seminarpauschalen\/","og_locale":"de_DE","og_type":"article","og_title":"Die Seminarpauschalen - Hotel Darcy","og_url":"https:\/\/hotel-darcy.fr\/de\/die-seminarpauschalen\/","og_site_name":"Hotel Darcy","article_publisher":"https:\/\/www.facebook.com\/RestaurantPorteGuillaume\/","article_modified_time":"2024-05-03T09:25:55+00:00","og_image":[{"width":1920,"height":505,"url":"https:\/\/hotel-darcy.fr\/wp-content\/uploads\/2024\/05\/banner-seminaire.jpg","type":"image\/jpeg"}],"twitter_card":"summary_large_image","twitter_misc":{"Gesch\u00e4tzte Lesezeit":"15\u00a0Minuten"},"schema":{"@context":"https:\/\/schema.org","@graph":[{"@type":"WebPage","@id":"https:\/\/hotel-darcy.fr\/de\/die-seminarpauschalen\/","url":"https:\/\/hotel-darcy.fr\/de\/die-seminarpauschalen\/","name":"Die Seminarpauschalen - Hotel Darcy","isPartOf":{"@id":"https:\/\/hotel-darcy.fr\/de\/#website"},"primaryImageOfPage":{"@id":"https:\/\/hotel-darcy.fr\/de\/die-seminarpauschalen\/#primaryimage"},"image":{"@id":"https:\/\/hotel-darcy.fr\/de\/die-seminarpauschalen\/#primaryimage"},"thumbnailUrl":"https:\/\/hotel-darcy.fr\/wp-content\/uploads\/2024\/05\/banner-seminaire.jpg","datePublished":"2023-03-01T15:53:32+00:00","dateModified":"2024-05-03T09:25:55+00:00","breadcrumb":{"@id":"https:\/\/hotel-darcy.fr\/de\/die-seminarpauschalen\/#breadcrumb"},"inLanguage":"de","potentialAction":[{"@type":"ReadAction","target":["https:\/\/hotel-darcy.fr\/de\/die-seminarpauschalen\/"]}]},{"@type":"ImageObject","inLanguage":"de","@id":"https:\/\/hotel-darcy.fr\/de\/die-seminarpauschalen\/#primaryimage","url":"https:\/\/hotel-darcy.fr\/wp-content\/uploads\/2024\/05\/banner-seminaire.jpg","contentUrl":"https:\/\/hotel-darcy.fr\/wp-content\/uploads\/2024\/05\/banner-seminaire.jpg","width":1920,"height":505},{"@type":"BreadcrumbList","@id":"https:\/\/hotel-darcy.fr\/de\/die-seminarpauschalen\/#breadcrumb","itemListElement":[{"@type":"ListItem","position":1,"name":"Accueil","item":"https:\/\/hotel-darcy.fr\/de\/3-sterne-hotel-im-zentrum-von-dijon\/"},{"@type":"ListItem","position":2,"name":"Die Seminarpauschalen"}]},{"@type":"WebSite","@id":"https:\/\/hotel-darcy.fr\/de\/#website","url":"https:\/\/hotel-darcy.fr\/de\/","name":"Hotel Darcy","description":"","publisher":{"@id":"https:\/\/hotel-darcy.fr\/de\/#organization"},"potentialAction":[{"@type":"SearchAction","target":{"@type":"EntryPoint","urlTemplate":"https:\/\/hotel-darcy.fr\/de\/?s={search_term_string}"},"query-input":{"@type":"PropertyValueSpecification","valueRequired":true,"valueName":"search_term_string"}}],"inLanguage":"de"},{"@type":"Organization","@id":"https:\/\/hotel-darcy.fr\/de\/#organization","name":"Hotel Darcy","url":"https:\/\/hotel-darcy.fr\/de\/","logo":{"@type":"ImageObject","inLanguage":"de","@id":"https:\/\/hotel-darcy.fr\/de\/#\/schema\/logo\/image\/","url":"https:\/\/hotel-darcy.fr\/wp-content\/uploads\/2025\/02\/Design-sans-titre-2025-02-25T145346.158.png","contentUrl":"https:\/\/hotel-darcy.fr\/wp-content\/uploads\/2025\/02\/Design-sans-titre-2025-02-25T145346.158.png","width":696,"height":696,"caption":"Hotel Darcy"},"image":{"@id":"https:\/\/hotel-darcy.fr\/de\/#\/schema\/logo\/image\/"},"sameAs":["https:\/\/www.facebook.com\/RestaurantPorteGuillaume\/"]}]}},"_links":{"self":[{"href":"https:\/\/hotel-darcy.fr\/de\/wp-json\/wp\/v2\/pages\/931","targetHints":{"allow":["GET"]}}],"collection":[{"href":"https:\/\/hotel-darcy.fr\/de\/wp-json\/wp\/v2\/pages"}],"about":[{"href":"https:\/\/hotel-darcy.fr\/de\/wp-json\/wp\/v2\/types\/page"}],"author":[{"embeddable":true,"href":"https:\/\/hotel-darcy.fr\/de\/wp-json\/wp\/v2\/users\/1"}],"replies":[{"embeddable":true,"href":"https:\/\/hotel-darcy.fr\/de\/wp-json\/wp\/v2\/comments?post=931"}],"version-history":[{"count":5,"href":"https:\/\/hotel-darcy.fr\/de\/wp-json\/wp\/v2\/pages\/931\/revisions"}],"predecessor-version":[{"id":1684,"href":"https:\/\/hotel-darcy.fr\/de\/wp-json\/wp\/v2\/pages\/931\/revisions\/1684"}],"wp:featuredmedia":[{"embeddable":true,"href":"https:\/\/hotel-darcy.fr\/de\/wp-json\/wp\/v2\/media\/1676"}],"wp:attachment":[{"href":"https:\/\/hotel-darcy.fr\/de\/wp-json\/wp\/v2\/media?parent=931"}],"curies":[{"name":"wp","href":"https:\/\/api.w.org\/{rel}","templated":true}]}}