{"id":937,"date":"2023-03-02T08:08:47","date_gmt":"2023-03-02T08:08:47","guid":{"rendered":"https:\/\/hotel-darcy.fr\/geschichte\/"},"modified":"2023-03-07T16:22:29","modified_gmt":"2023-03-07T16:22:29","slug":"geschichte","status":"publish","type":"page","link":"https:\/\/hotel-darcy.fr\/de\/geschichte\/","title":{"rendered":"Geschichte"},"content":{"rendered":"<div class=\"fusion-fullwidth fullwidth-box fusion-builder-row-1 fusion-flex-container has-pattern-background has-mask-background nonhundred-percent-fullwidth non-hundred-percent-height-scrolling\" style=\"--awb-border-radius-top-left:0px;--awb-border-radius-top-right:0px;--awb-border-radius-bottom-right:0px;--awb-border-radius-bottom-left:0px;--awb-padding-top:60px;--awb-padding-bottom:60px;--awb-flex-wrap:wrap;\" ><div class=\"fusion-builder-row fusion-row fusion-flex-align-items-flex-start fusion-flex-content-wrap\" style=\"max-width:1248px;margin-left: calc(-4% \/ 2 );margin-right: calc(-4% \/ 2 );\"><div class=\"fusion-layout-column fusion_builder_column fusion-builder-column-0 fusion_builder_column_1_1 1_1 fusion-flex-column\" style=\"--awb-bg-size:cover;--awb-width-large:100%;--awb-margin-top-large:0px;--awb-spacing-right-large:1.92%;--awb-margin-bottom-large:40px;--awb-spacing-left-large:1.92%;--awb-width-medium:100%;--awb-order-medium:0;--awb-spacing-right-medium:1.92%;--awb-spacing-left-medium:1.92%;--awb-width-small:100%;--awb-order-small:0;--awb-spacing-right-small:1.92%;--awb-spacing-left-small:1.92%;\"><div class=\"fusion-column-wrapper fusion-column-has-shadow fusion-flex-justify-content-flex-start fusion-content-layout-column\"><div class=\"fusion-title title fusion-title-1 fusion-sep-none fusion-title-center fusion-title-text fusion-title-size-two\" style=\"--awb-text-color:var(--awb-color5);--awb-margin-top-small:10px;--awb-margin-right-small:0px;--awb-margin-bottom-small:10px;--awb-margin-left-small:0px;\"><h2 class=\"fusion-title-heading title-heading-center\" style=\"font-family:&quot;Lora&quot;;font-style:normal;font-weight:400;margin:0;\">Unser Beruf im Wandel der Zeit<\/h2><\/div><div class=\"fusion-text fusion-text-1\" style=\"--awb-content-alignment:center;--awb-font-size:18px;--awb-text-transform:uppercase;--awb-margin-top:0px;\"><p>Ein Know-how, das von Familie zu Familie weitergegeben wird<\/p>\n<\/div><\/div><\/div><div class=\"fusion-layout-column fusion_builder_column fusion-builder-column-1 fusion_builder_column_1_2 1_2 fusion-flex-column fusion-flex-align-self-stretch\" style=\"--awb-padding-top:20px;--awb-padding-right:20px;--awb-padding-bottom:20px;--awb-padding-left:20px;--awb-bg-color:var(--awb-color1);--awb-bg-color-hover:var(--awb-color1);--awb-bg-size:cover;--awb-width-large:50%;--awb-margin-top-large:0px;--awb-spacing-right-large:3.84%;--awb-margin-bottom-large:20px;--awb-spacing-left-large:3.84%;--awb-width-medium:50%;--awb-order-medium:0;--awb-spacing-right-medium:3.84%;--awb-spacing-left-medium:3.84%;--awb-width-small:100%;--awb-order-small:0;--awb-spacing-right-small:1.92%;--awb-spacing-left-small:1.92%;\"><div class=\"fusion-column-wrapper fusion-column-has-shadow fusion-flex-justify-content-center fusion-content-layout-column\"><div class=\"fusion-text fusion-text-2\" style=\"--awb-line-height:2;\"><p><strong>1855:<\/strong> Gr\u00fcndung der Einrichtung<br \/>\n<strong>1887:<\/strong> Die Zentralheizung wird installiert<br \/>\n<strong>1900:<\/strong> Flie\u00dfendes Wasser kommt in die Zimmer<br \/>\n<strong>1907:<\/strong> Die Familie Frachot \u00fcbernimmt die Leitung der Einrichtung.<br \/>\n<strong>1920:<\/strong> Die zweite Generation von Frachot kommt an<br \/>\n<strong>1925:<\/strong> Zehn neue Zimmer werden eingerichtet<br \/>\n<strong>1939:<\/strong> Die dritte Generation zieht ein<br \/>\n<strong>1967:<\/strong> Die Bar wird im Erdgeschoss eingerichtet<br \/>\n<strong>1968:<\/strong> Der Speisesaal \u00e4ndert seinen Stil<br \/>\n<strong>1977:<\/strong> Die vierte Generation tritt die Nachfolge an<br \/>\n<strong>1980:<\/strong> Der Salon mit 50 Pl\u00e4tzen entsteht im 1.<br \/>\n<strong>1981:<\/strong> Die Kellerbar \u00f6ffnet ihre T\u00fcren<br \/>\n<strong>1985:<\/strong> Die Informatik h\u00e4lt Einzug<br \/>\n<strong>1987:<\/strong> Vollst\u00e4ndige Renovierung von \u00be des Hotels Alle Zimmer haben jetzt WC mit Dusche oder Bad, Direktwahltelefon, Fernseher, Weckautomatik und schalld\u00e4mmende Doppelverglasung<br \/>\n<strong>1990:<\/strong> Vollst\u00e4ndiger Umbau der K\u00fcche<br \/>\n<strong>1991:<\/strong> Der Salon im ersten Stock wird vergr\u00f6\u00dfert und klimatisiert.<br \/>\n<strong>1992:<\/strong> Die Fassade wird neu gestaltet<br \/>\n<strong>1993:<\/strong> Die Korridore werden versch\u00f6nert<br \/>\n<strong>1994:<\/strong> Die Rezeption wird modernisiert<br \/>\n<strong>1995:<\/strong> Klimaanlage im Hotel<br \/>\n<strong>1996:<\/strong> Die Zimmer werden neu renoviert<br \/>\n<strong>1997:<\/strong> Das Restaurant ist klimatisiert<br \/>\n<strong>1998:<\/strong> Das Pay-TV-System wird in allen Zimmern installiert.<br \/>\n<strong>1999:<\/strong> Das Unternehmen geht ins Internet<br \/>\n<strong>2000:<\/strong> Das Restaurant \u00e4ndert seinen Schmuck und seine Einrichtung<br \/>\n<strong>2002:<\/strong> Die Zimmer werden renoviert und mit Daunendecken ausgestattet.<br \/>\n<strong>2004:<\/strong> Wifi kommt ins Haus<br \/>\n<strong>2005:<\/strong> Die Einrichtung feiert ihr 150-j\u00e4hriges Bestehen!<br \/>\n<strong>2006:<\/strong> Die Empfangshalle des Hotels \u00e4ndert ihr Dekor<br \/>\n<strong>2007:<\/strong> Die Weinbar bekommt einen zeitgen\u00f6ssischen Stil<br \/>\n<strong>2008:<\/strong> Das Geschirr im Restaurant wird ausgetauscht<br \/>\n<strong>2009:<\/strong> Die Teppichb\u00f6den in den Zimmern werden durch Parkett ersetzt.<br \/>\n<strong>2010:<\/strong> Die 36 Fenster der Einrichtung werden vollst\u00e4ndig durch Dreifachverglasung ersetzt.<br \/>\n<strong>2011:<\/strong> Die Renovierung von 20 Badezimmern wird in Angriff genommen.<br \/>\n<strong>2012:<\/strong> Die Zimmer sind mit Wandfernsehern mit gro\u00dfem Bildschirm ausgestattet.<br \/>\n<strong>2013 :<\/strong> Das Restaurant wechselt die Kulisse<br \/>\n<strong>2016<\/strong>: Renovierung der Fassade des Restaurants in kr\u00e4ftigen Farben<br \/>\n<strong>2018<\/strong>: Anpassung an die Normen f\u00fcr den Empfang von Personen mit eingeschr\u00e4nkter Mobilit\u00e4t<br \/>\n<strong>2019<\/strong>: Instandsetzung und Modernisierung der Seminar- &amp; Bankettr\u00e4ume<br \/>\n<strong>2020<\/strong>: Vollst\u00e4ndiger Umbau des Empfangsbereichs des Hotels und des Restaurants<br \/>\n<strong>2022 :<\/strong> Das H\u00f4tel du Nord \u00e4ndert seinen Namen und wird zum H\u00f4tel Darcy.<\/p>\n<\/div><\/div><\/div><div class=\"fusion-layout-column fusion_builder_column fusion-builder-column-2 fusion_builder_column_1_2 1_2 fusion-flex-column\" style=\"--awb-bg-size:cover;--awb-width-large:50%;--awb-margin-top-large:0px;--awb-spacing-right-large:3.84%;--awb-margin-bottom-large:20px;--awb-spacing-left-large:3.84%;--awb-width-medium:50%;--awb-order-medium:0;--awb-spacing-right-medium:3.84%;--awb-spacing-left-medium:3.84%;--awb-width-small:100%;--awb-order-small:0;--awb-spacing-right-small:1.92%;--awb-spacing-left-small:1.92%;\"><div class=\"fusion-column-wrapper fusion-column-has-shadow fusion-flex-justify-content-flex-start fusion-content-layout-column\"><div class=\"fusion-image-element \" style=\"--awb-caption-title-font-family:var(--h2_typography-font-family);--awb-caption-title-font-weight:var(--h2_typography-font-weight);--awb-caption-title-font-style:var(--h2_typography-font-style);--awb-caption-title-size:var(--h2_typography-font-size);--awb-caption-title-transform:var(--h2_typography-text-transform);--awb-caption-title-line-height:var(--h2_typography-line-height);--awb-caption-title-letter-spacing:var(--h2_typography-letter-spacing);\"><span class=\" fusion-imageframe imageframe-none imageframe-1 hover-type-none\"><img decoding=\"async\" width=\"533\" height=\"800\" alt=\"historique-hotel-du-nord-3\" title=\"historique-hotel-du-nord-3\" src=\"https:\/\/hotel-darcy.fr\/wp-content\/uploads\/2023\/03\/historique-hotel-du-nord-3.jpg\" class=\"img-responsive wp-image-387\" srcset=\"https:\/\/hotel-darcy.fr\/wp-content\/uploads\/2023\/03\/historique-hotel-du-nord-3-200x300.jpg 200w, https:\/\/hotel-darcy.fr\/wp-content\/uploads\/2023\/03\/historique-hotel-du-nord-3-400x600.jpg 400w, https:\/\/hotel-darcy.fr\/wp-content\/uploads\/2023\/03\/historique-hotel-du-nord-3.jpg 533w\" sizes=\"(max-width: 640px) 100vw, 533px\" \/><\/span><\/div><\/div><\/div><\/div><\/div>\n","protected":false},"excerpt":{"rendered":"","protected":false},"author":1,"featured_media":383,"parent":0,"menu_order":0,"comment_status":"closed","ping_status":"closed","template":"100-width.php","meta":{"footnotes":""},"class_list":["post-937","page","type-page","status-publish","has-post-thumbnail","hentry"],"yoast_head":"<!-- This site is optimized with the Yoast SEO plugin v27.5 - https:\/\/yoast.com\/product\/yoast-seo-wordpress\/ -->\n<title>Geschichte - Hotel Darcy<\/title>\n<meta name=\"robots\" content=\"index, follow, max-snippet:-1, max-image-preview:large, max-video-preview:-1\" \/>\n<link rel=\"canonical\" href=\"https:\/\/hotel-darcy.fr\/de\/geschichte\/\" \/>\n<meta property=\"og:locale\" content=\"de_DE\" \/>\n<meta property=\"og:type\" content=\"article\" \/>\n<meta property=\"og:title\" content=\"Geschichte - Hotel Darcy\" \/>\n<meta property=\"og:url\" content=\"https:\/\/hotel-darcy.fr\/de\/geschichte\/\" \/>\n<meta property=\"og:site_name\" content=\"Hotel Darcy\" \/>\n<meta property=\"article:publisher\" content=\"https:\/\/www.facebook.com\/RestaurantPorteGuillaume\/\" \/>\n<meta property=\"article:modified_time\" content=\"2023-03-07T16:22:29+00:00\" \/>\n<meta property=\"og:image\" content=\"https:\/\/hotel-darcy.fr\/wp-content\/uploads\/2023\/03\/banner-temps.jpg\" \/>\n\t<meta property=\"og:image:width\" content=\"1920\" \/>\n\t<meta property=\"og:image:height\" content=\"505\" \/>\n\t<meta property=\"og:image:type\" content=\"image\/jpeg\" \/>\n<meta name=\"twitter:card\" content=\"summary_large_image\" \/>\n<meta name=\"twitter:label1\" content=\"Gesch\u00e4tzte Lesezeit\" \/>\n\t<meta name=\"twitter:data1\" content=\"8\u00a0Minuten\" \/>\n<script type=\"application\/ld+json\" class=\"yoast-schema-graph\">{\"@context\":\"https:\\\/\\\/schema.org\",\"@graph\":[{\"@type\":\"WebPage\",\"@id\":\"https:\\\/\\\/hotel-darcy.fr\\\/de\\\/geschichte\\\/\",\"url\":\"https:\\\/\\\/hotel-darcy.fr\\\/de\\\/geschichte\\\/\",\"name\":\"Geschichte - Hotel Darcy\",\"isPartOf\":{\"@id\":\"https:\\\/\\\/hotel-darcy.fr\\\/de\\\/#website\"},\"primaryImageOfPage\":{\"@id\":\"https:\\\/\\\/hotel-darcy.fr\\\/de\\\/geschichte\\\/#primaryimage\"},\"image\":{\"@id\":\"https:\\\/\\\/hotel-darcy.fr\\\/de\\\/geschichte\\\/#primaryimage\"},\"thumbnailUrl\":\"https:\\\/\\\/hotel-darcy.fr\\\/wp-content\\\/uploads\\\/2023\\\/03\\\/banner-temps.jpg\",\"datePublished\":\"2023-03-02T08:08:47+00:00\",\"dateModified\":\"2023-03-07T16:22:29+00:00\",\"breadcrumb\":{\"@id\":\"https:\\\/\\\/hotel-darcy.fr\\\/de\\\/geschichte\\\/#breadcrumb\"},\"inLanguage\":\"de\",\"potentialAction\":[{\"@type\":\"ReadAction\",\"target\":[\"https:\\\/\\\/hotel-darcy.fr\\\/de\\\/geschichte\\\/\"]}]},{\"@type\":\"ImageObject\",\"inLanguage\":\"de\",\"@id\":\"https:\\\/\\\/hotel-darcy.fr\\\/de\\\/geschichte\\\/#primaryimage\",\"url\":\"https:\\\/\\\/hotel-darcy.fr\\\/wp-content\\\/uploads\\\/2023\\\/03\\\/banner-temps.jpg\",\"contentUrl\":\"https:\\\/\\\/hotel-darcy.fr\\\/wp-content\\\/uploads\\\/2023\\\/03\\\/banner-temps.jpg\",\"width\":1920,\"height\":505},{\"@type\":\"BreadcrumbList\",\"@id\":\"https:\\\/\\\/hotel-darcy.fr\\\/de\\\/geschichte\\\/#breadcrumb\",\"itemListElement\":[{\"@type\":\"ListItem\",\"position\":1,\"name\":\"Accueil\",\"item\":\"https:\\\/\\\/hotel-darcy.fr\\\/de\\\/3-sterne-hotel-im-zentrum-von-dijon\\\/\"},{\"@type\":\"ListItem\",\"position\":2,\"name\":\"Geschichte\"}]},{\"@type\":\"WebSite\",\"@id\":\"https:\\\/\\\/hotel-darcy.fr\\\/de\\\/#website\",\"url\":\"https:\\\/\\\/hotel-darcy.fr\\\/de\\\/\",\"name\":\"Hotel Darcy\",\"description\":\"\",\"publisher\":{\"@id\":\"https:\\\/\\\/hotel-darcy.fr\\\/de\\\/#organization\"},\"potentialAction\":[{\"@type\":\"SearchAction\",\"target\":{\"@type\":\"EntryPoint\",\"urlTemplate\":\"https:\\\/\\\/hotel-darcy.fr\\\/de\\\/?s={search_term_string}\"},\"query-input\":{\"@type\":\"PropertyValueSpecification\",\"valueRequired\":true,\"valueName\":\"search_term_string\"}}],\"inLanguage\":\"de\"},{\"@type\":\"Organization\",\"@id\":\"https:\\\/\\\/hotel-darcy.fr\\\/de\\\/#organization\",\"name\":\"Hotel Darcy\",\"url\":\"https:\\\/\\\/hotel-darcy.fr\\\/de\\\/\",\"logo\":{\"@type\":\"ImageObject\",\"inLanguage\":\"de\",\"@id\":\"https:\\\/\\\/hotel-darcy.fr\\\/de\\\/#\\\/schema\\\/logo\\\/image\\\/\",\"url\":\"https:\\\/\\\/hotel-darcy.fr\\\/wp-content\\\/uploads\\\/2025\\\/02\\\/Design-sans-titre-2025-02-25T145346.158.png\",\"contentUrl\":\"https:\\\/\\\/hotel-darcy.fr\\\/wp-content\\\/uploads\\\/2025\\\/02\\\/Design-sans-titre-2025-02-25T145346.158.png\",\"width\":696,\"height\":696,\"caption\":\"Hotel Darcy\"},\"image\":{\"@id\":\"https:\\\/\\\/hotel-darcy.fr\\\/de\\\/#\\\/schema\\\/logo\\\/image\\\/\"},\"sameAs\":[\"https:\\\/\\\/www.facebook.com\\\/RestaurantPorteGuillaume\\\/\"]}]}<\/script>\n<!-- \/ Yoast SEO plugin. -->","yoast_head_json":{"title":"Geschichte - Hotel Darcy","robots":{"index":"index","follow":"follow","max-snippet":"max-snippet:-1","max-image-preview":"max-image-preview:large","max-video-preview":"max-video-preview:-1"},"canonical":"https:\/\/hotel-darcy.fr\/de\/geschichte\/","og_locale":"de_DE","og_type":"article","og_title":"Geschichte - Hotel Darcy","og_url":"https:\/\/hotel-darcy.fr\/de\/geschichte\/","og_site_name":"Hotel Darcy","article_publisher":"https:\/\/www.facebook.com\/RestaurantPorteGuillaume\/","article_modified_time":"2023-03-07T16:22:29+00:00","og_image":[{"width":1920,"height":505,"url":"https:\/\/hotel-darcy.fr\/wp-content\/uploads\/2023\/03\/banner-temps.jpg","type":"image\/jpeg"}],"twitter_card":"summary_large_image","twitter_misc":{"Gesch\u00e4tzte Lesezeit":"8\u00a0Minuten"},"schema":{"@context":"https:\/\/schema.org","@graph":[{"@type":"WebPage","@id":"https:\/\/hotel-darcy.fr\/de\/geschichte\/","url":"https:\/\/hotel-darcy.fr\/de\/geschichte\/","name":"Geschichte - Hotel Darcy","isPartOf":{"@id":"https:\/\/hotel-darcy.fr\/de\/#website"},"primaryImageOfPage":{"@id":"https:\/\/hotel-darcy.fr\/de\/geschichte\/#primaryimage"},"image":{"@id":"https:\/\/hotel-darcy.fr\/de\/geschichte\/#primaryimage"},"thumbnailUrl":"https:\/\/hotel-darcy.fr\/wp-content\/uploads\/2023\/03\/banner-temps.jpg","datePublished":"2023-03-02T08:08:47+00:00","dateModified":"2023-03-07T16:22:29+00:00","breadcrumb":{"@id":"https:\/\/hotel-darcy.fr\/de\/geschichte\/#breadcrumb"},"inLanguage":"de","potentialAction":[{"@type":"ReadAction","target":["https:\/\/hotel-darcy.fr\/de\/geschichte\/"]}]},{"@type":"ImageObject","inLanguage":"de","@id":"https:\/\/hotel-darcy.fr\/de\/geschichte\/#primaryimage","url":"https:\/\/hotel-darcy.fr\/wp-content\/uploads\/2023\/03\/banner-temps.jpg","contentUrl":"https:\/\/hotel-darcy.fr\/wp-content\/uploads\/2023\/03\/banner-temps.jpg","width":1920,"height":505},{"@type":"BreadcrumbList","@id":"https:\/\/hotel-darcy.fr\/de\/geschichte\/#breadcrumb","itemListElement":[{"@type":"ListItem","position":1,"name":"Accueil","item":"https:\/\/hotel-darcy.fr\/de\/3-sterne-hotel-im-zentrum-von-dijon\/"},{"@type":"ListItem","position":2,"name":"Geschichte"}]},{"@type":"WebSite","@id":"https:\/\/hotel-darcy.fr\/de\/#website","url":"https:\/\/hotel-darcy.fr\/de\/","name":"Hotel Darcy","description":"","publisher":{"@id":"https:\/\/hotel-darcy.fr\/de\/#organization"},"potentialAction":[{"@type":"SearchAction","target":{"@type":"EntryPoint","urlTemplate":"https:\/\/hotel-darcy.fr\/de\/?s={search_term_string}"},"query-input":{"@type":"PropertyValueSpecification","valueRequired":true,"valueName":"search_term_string"}}],"inLanguage":"de"},{"@type":"Organization","@id":"https:\/\/hotel-darcy.fr\/de\/#organization","name":"Hotel Darcy","url":"https:\/\/hotel-darcy.fr\/de\/","logo":{"@type":"ImageObject","inLanguage":"de","@id":"https:\/\/hotel-darcy.fr\/de\/#\/schema\/logo\/image\/","url":"https:\/\/hotel-darcy.fr\/wp-content\/uploads\/2025\/02\/Design-sans-titre-2025-02-25T145346.158.png","contentUrl":"https:\/\/hotel-darcy.fr\/wp-content\/uploads\/2025\/02\/Design-sans-titre-2025-02-25T145346.158.png","width":696,"height":696,"caption":"Hotel Darcy"},"image":{"@id":"https:\/\/hotel-darcy.fr\/de\/#\/schema\/logo\/image\/"},"sameAs":["https:\/\/www.facebook.com\/RestaurantPorteGuillaume\/"]}]}},"_links":{"self":[{"href":"https:\/\/hotel-darcy.fr\/de\/wp-json\/wp\/v2\/pages\/937","targetHints":{"allow":["GET"]}}],"collection":[{"href":"https:\/\/hotel-darcy.fr\/de\/wp-json\/wp\/v2\/pages"}],"about":[{"href":"https:\/\/hotel-darcy.fr\/de\/wp-json\/wp\/v2\/types\/page"}],"author":[{"embeddable":true,"href":"https:\/\/hotel-darcy.fr\/de\/wp-json\/wp\/v2\/users\/1"}],"replies":[{"embeddable":true,"href":"https:\/\/hotel-darcy.fr\/de\/wp-json\/wp\/v2\/comments?post=937"}],"version-history":[{"count":2,"href":"https:\/\/hotel-darcy.fr\/de\/wp-json\/wp\/v2\/pages\/937\/revisions"}],"predecessor-version":[{"id":939,"href":"https:\/\/hotel-darcy.fr\/de\/wp-json\/wp\/v2\/pages\/937\/revisions\/939"}],"wp:featuredmedia":[{"embeddable":true,"href":"https:\/\/hotel-darcy.fr\/de\/wp-json\/wp\/v2\/media\/383"}],"wp:attachment":[{"href":"https:\/\/hotel-darcy.fr\/de\/wp-json\/wp\/v2\/media?parent=937"}],"curies":[{"name":"wp","href":"https:\/\/api.w.org\/{rel}","templated":true}]}}